{"id":1723,"date":"2026-03-17T11:21:31","date_gmt":"2026-03-17T11:21:31","guid":{"rendered":"https:\/\/bylorian.com\/?page_id=1723"},"modified":"2026-03-17T11:23:07","modified_gmt":"2026-03-17T11:23:07","slug":"cookie-policy","status":"publish","type":"page","link":"https:\/\/bylorian.com\/en\/politica-de-cookies\/","title":{"rendered":"Cookie Policy"},"content":{"rendered":"<p>We use cookies on this website to improve the user experience and to analyse the use of the site.<\/p>\n\n\n\n<hr class=\"wp-block-separator has-alpha-channel-opacity\"\/>\n\n\n\n<h2 class=\"wp-block-heading\">What are cookies?<\/h2>\n\n\n\n<p>Cookies are small text files that are stored in the user's browser when visiting a website. Their function is to remember information about the visit in order to facilitate browsing.<\/p>\n\n\n\n<hr class=\"wp-block-separator has-alpha-channel-opacity\"\/>\n\n\n\n<h2 class=\"wp-block-heading\">Types of cookies used<\/h2>\n\n\n\n<h3 class=\"wp-block-heading\">Technical cookies<\/h3>\n\n\n\n<p>They are necessary for the basic functioning of the website and allow, for example, navigation or access to forms.<\/p>\n\n\n\n<hr class=\"wp-block-separator has-alpha-channel-opacity\"\/>\n\n\n\n<h3 class=\"wp-block-heading\">Analytics cookies<\/h3>\n\n\n\n<p>This website uses Google Analytics, a web analysis service provided by Google, which allows us to understand how users interact with the site.<\/p>\n\n\n\n<p>The information collected is anonymous and is used for statistical purposes to improve the content and user experience.<\/p>\n\n\n\n<hr class=\"wp-block-separator has-alpha-channel-opacity\"\/>\n\n\n\n<h2 class=\"wp-block-heading\">Cookie management<\/h2>\n\n\n\n<p>The user can accept, reject or configure the use of cookies through the configuration banner when accessing the website.<\/p>\n\n\n\n<p>You can also configure your browser to block or delete installed cookies.<\/p>\n\n\n\n<p>Below are links to the management of cookies in the most common browsers:<\/p>\n\n\n\n<ul class=\"wp-block-list\">\n<li>Google Chrome<\/li>\n\n\n\n<li>Mozilla Firefox<\/li>\n\n\n\n<li>Safari<\/li>\n\n\n\n<li>Microsoft Edge<\/li>\n<\/ul>\n\n\n\n<hr class=\"wp-block-separator has-alpha-channel-opacity\"\/>\n\n\n\n<h2 class=\"wp-block-heading\">Changes to the cookies policy<\/h2>\n\n\n\n<p>This policy may be updated depending on legal requirements or changes in the use of cookies on the website.<\/p>","protected":false},"excerpt":{"rendered":"<p>En este sitio web utilizamos cookies para mejorar la experiencia del usuario y analizar el uso de la p\u00e1gina. \u00bfQu\u00e9 son las cookies? Las cookies son peque\u00f1os archivos de texto que se almacenan en el navegador del usuario cuando visita una p\u00e1gina web. Su funci\u00f3n es recordar informaci\u00f3n sobre la visita para facilitar la navegaci\u00f3n. [&hellip;]<\/p>\n","protected":false},"author":1,"featured_media":0,"parent":0,"menu_order":0,"comment_status":"closed","ping_status":"closed","template":"","meta":{"footnotes":""},"class_list":["post-1723","page","type-page","status-publish","hentry"],"yoast_head":"<!-- This site is optimized with the Yoast SEO plugin v27.5 - https:\/\/yoast.com\/product\/yoast-seo-wordpress\/ -->\n<title>Pol\u00edtica de Cookies &#8226; Lorian Oficiantes de bodas<\/title>\n<meta name=\"robots\" content=\"noindex, follow\" \/>\n<meta property=\"og:locale\" content=\"en_GB\" \/>\n<meta property=\"og:type\" content=\"article\" \/>\n<meta property=\"og:title\" content=\"Pol\u00edtica de Cookies &#8226; Lorian Oficiantes de bodas\" \/>\n<meta property=\"og:description\" content=\"En este sitio web utilizamos cookies para mejorar la experiencia del usuario y analizar el uso de la p\u00e1gina. \u00bfQu\u00e9 son las cookies? Las cookies son peque\u00f1os archivos de texto que se almacenan en el navegador del usuario cuando visita una p\u00e1gina web. Su funci\u00f3n es recordar informaci\u00f3n sobre la visita para facilitar la navegaci\u00f3n. [&hellip;]\" \/>\n<meta property=\"og:url\" content=\"https:\/\/bylorian.com\/en\/cookie-policy\/\" \/>\n<meta property=\"og:site_name\" content=\"Lorian Oficiantes de bodas\" \/>\n<meta property=\"article:publisher\" content=\"https:\/\/www.facebook.com\/marialorian.oficiante\" \/>\n<meta property=\"article:modified_time\" content=\"2026-03-17T11:23:07+00:00\" \/>\n<meta name=\"twitter:card\" content=\"summary_large_image\" \/>\n<meta name=\"twitter:label1\" content=\"Estimated reading time\" \/>\n\t<meta name=\"twitter:data1\" content=\"1 minute\" \/>\n<script type=\"application\/ld+json\" class=\"yoast-schema-graph\">{\"@context\":\"https:\\\/\\\/schema.org\",\"@graph\":[{\"@type\":\"WebPage\",\"@id\":\"https:\\\/\\\/bylorian.com\\\/politica-de-cookies\\\/\",\"url\":\"https:\\\/\\\/bylorian.com\\\/politica-de-cookies\\\/\",\"name\":\"Pol\u00edtica de Cookies &#8226; Lorian Oficiantes de bodas\",\"isPartOf\":{\"@id\":\"https:\\\/\\\/bylorian.com\\\/#website\"},\"datePublished\":\"2026-03-17T11:21:31+00:00\",\"dateModified\":\"2026-03-17T11:23:07+00:00\",\"breadcrumb\":{\"@id\":\"https:\\\/\\\/bylorian.com\\\/politica-de-cookies\\\/#breadcrumb\"},\"inLanguage\":\"en-GB\",\"potentialAction\":[{\"@type\":\"ReadAction\",\"target\":[\"https:\\\/\\\/bylorian.com\\\/politica-de-cookies\\\/\"]}]},{\"@type\":\"BreadcrumbList\",\"@id\":\"https:\\\/\\\/bylorian.com\\\/politica-de-cookies\\\/#breadcrumb\",\"itemListElement\":[{\"@type\":\"ListItem\",\"position\":1,\"name\":\"Portada\",\"item\":\"https:\\\/\\\/bylorian.com\\\/\"},{\"@type\":\"ListItem\",\"position\":2,\"name\":\"Pol\u00edtica de Cookies\"}]},{\"@type\":\"WebSite\",\"@id\":\"https:\\\/\\\/bylorian.com\\\/#website\",\"url\":\"https:\\\/\\\/bylorian.com\\\/\",\"name\":\"Lorian Oficiantes de bodas\",\"description\":\"\",\"publisher\":{\"@id\":\"https:\\\/\\\/bylorian.com\\\/#organization\"},\"potentialAction\":[{\"@type\":\"SearchAction\",\"target\":{\"@type\":\"EntryPoint\",\"urlTemplate\":\"https:\\\/\\\/bylorian.com\\\/?s={search_term_string}\"},\"query-input\":{\"@type\":\"PropertyValueSpecification\",\"valueRequired\":true,\"valueName\":\"search_term_string\"}}],\"inLanguage\":\"en-GB\"},{\"@type\":\"Organization\",\"@id\":\"https:\\\/\\\/bylorian.com\\\/#organization\",\"name\":\"Lorian Oficiantes de bodas\",\"url\":\"https:\\\/\\\/bylorian.com\\\/\",\"logo\":{\"@type\":\"ImageObject\",\"inLanguage\":\"en-GB\",\"@id\":\"https:\\\/\\\/bylorian.com\\\/#\\\/schema\\\/logo\\\/image\\\/\",\"url\":\"https:\\\/\\\/bylorian.com\\\/wp-content\\\/uploads\\\/2026\\\/03\\\/Prin-Logo-.svg\",\"contentUrl\":\"https:\\\/\\\/bylorian.com\\\/wp-content\\\/uploads\\\/2026\\\/03\\\/Prin-Logo-.svg\",\"width\":1000,\"height\":480,\"caption\":\"Lorian Oficiantes de bodas\"},\"image\":{\"@id\":\"https:\\\/\\\/bylorian.com\\\/#\\\/schema\\\/logo\\\/image\\\/\"},\"sameAs\":[\"https:\\\/\\\/www.facebook.com\\\/marialorian.oficiante\",\"https:\\\/\\\/www.instagram.com\\\/lorian.maria\\\/\",\"https:\\\/\\\/www.tiktok.com\\\/@lorian.oficiantes?_r=1&_t=ZN-94glv2Q75fi\"]}]}<\/script>\n<!-- \/ Yoast SEO plugin. -->","yoast_head_json":{"title":"Cookie Policy - Lorian Wedding Officiants","robots":{"index":"noindex","follow":"follow"},"og_locale":"en_GB","og_type":"article","og_title":"Pol\u00edtica de Cookies &#8226; Lorian Oficiantes de bodas","og_description":"En este sitio web utilizamos cookies para mejorar la experiencia del usuario y analizar el uso de la p\u00e1gina. \u00bfQu\u00e9 son las cookies? Las cookies son peque\u00f1os archivos de texto que se almacenan en el navegador del usuario cuando visita una p\u00e1gina web. Su funci\u00f3n es recordar informaci\u00f3n sobre la visita para facilitar la navegaci\u00f3n. [&hellip;]","og_url":"https:\/\/bylorian.com\/en\/cookie-policy\/","og_site_name":"Lorian Oficiantes de bodas","article_publisher":"https:\/\/www.facebook.com\/marialorian.oficiante","article_modified_time":"2026-03-17T11:23:07+00:00","twitter_card":"summary_large_image","twitter_misc":{"Estimated reading time":"1 minute"},"schema":{"@context":"https:\/\/schema.org","@graph":[{"@type":"WebPage","@id":"https:\/\/bylorian.com\/politica-de-cookies\/","url":"https:\/\/bylorian.com\/politica-de-cookies\/","name":"Cookie Policy - Lorian Wedding Officiants","isPartOf":{"@id":"https:\/\/bylorian.com\/#website"},"datePublished":"2026-03-17T11:21:31+00:00","dateModified":"2026-03-17T11:23:07+00:00","breadcrumb":{"@id":"https:\/\/bylorian.com\/politica-de-cookies\/#breadcrumb"},"inLanguage":"en-GB","potentialAction":[{"@type":"ReadAction","target":["https:\/\/bylorian.com\/politica-de-cookies\/"]}]},{"@type":"BreadcrumbList","@id":"https:\/\/bylorian.com\/politica-de-cookies\/#breadcrumb","itemListElement":[{"@type":"ListItem","position":1,"name":"Portada","item":"https:\/\/bylorian.com\/"},{"@type":"ListItem","position":2,"name":"Pol\u00edtica de Cookies"}]},{"@type":"WebSite","@id":"https:\/\/bylorian.com\/#website","url":"https:\/\/bylorian.com\/","name":"Lorian Wedding Officiants","description":"","publisher":{"@id":"https:\/\/bylorian.com\/#organization"},"potentialAction":[{"@type":"SearchAction","target":{"@type":"EntryPoint","urlTemplate":"https:\/\/bylorian.com\/?s={search_term_string}"},"query-input":{"@type":"PropertyValueSpecification","valueRequired":true,"valueName":"search_term_string"}}],"inLanguage":"en-GB"},{"@type":"Organization","@id":"https:\/\/bylorian.com\/#organization","name":"Lorian Wedding Officiants","url":"https:\/\/bylorian.com\/","logo":{"@type":"ImageObject","inLanguage":"en-GB","@id":"https:\/\/bylorian.com\/#\/schema\/logo\/image\/","url":"https:\/\/bylorian.com\/wp-content\/uploads\/2026\/03\/Prin-Logo-.svg","contentUrl":"https:\/\/bylorian.com\/wp-content\/uploads\/2026\/03\/Prin-Logo-.svg","width":1000,"height":480,"caption":"Lorian Oficiantes de bodas"},"image":{"@id":"https:\/\/bylorian.com\/#\/schema\/logo\/image\/"},"sameAs":["https:\/\/www.facebook.com\/marialorian.oficiante","https:\/\/www.instagram.com\/lorian.maria\/","https:\/\/www.tiktok.com\/@lorian.oficiantes?_r=1&_t=ZN-94glv2Q75fi"]}]}},"_links":{"self":[{"href":"https:\/\/bylorian.com\/en\/wp-json\/wp\/v2\/pages\/1723","targetHints":{"allow":["GET"]}}],"collection":[{"href":"https:\/\/bylorian.com\/en\/wp-json\/wp\/v2\/pages"}],"about":[{"href":"https:\/\/bylorian.com\/en\/wp-json\/wp\/v2\/types\/page"}],"author":[{"embeddable":true,"href":"https:\/\/bylorian.com\/en\/wp-json\/wp\/v2\/users\/1"}],"replies":[{"embeddable":true,"href":"https:\/\/bylorian.com\/en\/wp-json\/wp\/v2\/comments?post=1723"}],"version-history":[{"count":2,"href":"https:\/\/bylorian.com\/en\/wp-json\/wp\/v2\/pages\/1723\/revisions"}],"predecessor-version":[{"id":1726,"href":"https:\/\/bylorian.com\/en\/wp-json\/wp\/v2\/pages\/1723\/revisions\/1726"}],"wp:attachment":[{"href":"https:\/\/bylorian.com\/en\/wp-json\/wp\/v2\/media?parent=1723"}],"curies":[{"name":"wp","href":"https:\/\/api.w.org\/{rel}","templated":true}]}}