{"id":28,"date":"2026-03-02T10:11:49","date_gmt":"2026-03-02T10:11:49","guid":{"rendered":"https:\/\/bylorian.com\/?page_id=28"},"modified":"2026-03-15T18:49:26","modified_gmt":"2026-03-15T18:49:26","slug":"links","status":"publish","type":"page","link":"https:\/\/bylorian.com\/en\/links\/","title":{"rendered":"Links"},"content":{"rendered":"<div data-elementor-type=\"wp-page\" data-elementor-id=\"28\" class=\"elementor elementor-28\" data-elementor-post-type=\"page\">\n\t\t\t\t<div class=\"elementor-element elementor-element-6000dfa e-flex e-con-boxed e-con e-parent\" data-id=\"6000dfa\" data-element_type=\"container\" data-e-type=\"container\" data-settings=\"{&quot;background_background&quot;:&quot;classic&quot;}\">\n\t\t\t\t\t<div class=\"e-con-inner\">\n\t\t<div class=\"elementor-element elementor-element-af4f705 e-con-full e-flex e-con e-child\" data-id=\"af4f705\" data-element_type=\"container\" data-e-type=\"container\" data-settings=\"{&quot;background_background&quot;:&quot;classic&quot;}\">\n\t\t\t\t<\/div>\n\t\t\t\t\t<\/div>\n\t\t\t\t<\/div>\n\t\t<div class=\"elementor-element elementor-element-81d7041 e-flex e-con-boxed e-con e-parent\" data-id=\"81d7041\" data-element_type=\"container\" data-e-type=\"container\" data-settings=\"{&quot;background_background&quot;:&quot;classic&quot;}\">\n\t\t\t\t\t<div class=\"e-con-inner\">\n\t\t\t\t<div class=\"elementor-element elementor-element-dede0fc elementor-widget elementor-widget-image\" data-id=\"dede0fc\" data-element_type=\"widget\" data-e-type=\"widget\" data-widget_type=\"image.default\">\n\t\t\t\t\t\t\t\t\t\t\t\t\t\t\t<img fetchpriority=\"high\" decoding=\"async\" width=\"2560\" height=\"1375\" src=\"https:\/\/bylorian.com\/wp-content\/uploads\/2026\/03\/Isologo_5_PNG-scaled.png\" class=\"attachment-full size-full wp-image-73\" alt=\"\" srcset=\"https:\/\/bylorian.com\/wp-content\/uploads\/2026\/03\/Isologo_5_PNG-scaled.png 2560w, https:\/\/bylorian.com\/wp-content\/uploads\/2026\/03\/Isologo_5_PNG-300x161.png 300w, https:\/\/bylorian.com\/wp-content\/uploads\/2026\/03\/Isologo_5_PNG-1024x550.png 1024w, https:\/\/bylorian.com\/wp-content\/uploads\/2026\/03\/Isologo_5_PNG-768x412.png 768w, https:\/\/bylorian.com\/wp-content\/uploads\/2026\/03\/Isologo_5_PNG-1536x825.png 1536w, https:\/\/bylorian.com\/wp-content\/uploads\/2026\/03\/Isologo_5_PNG-2048x1100.png 2048w\" sizes=\"(max-width: 2560px) 100vw, 2560px\" \/>\t\t\t\t\t\t\t\t\t\t\t\t\t\t\t<\/div>\n\t\t\t\t<div class=\"elementor-element elementor-element-33ca29d elementor-widget elementor-widget-heading\" data-id=\"33ca29d\" data-element_type=\"widget\" data-e-type=\"widget\" data-widget_type=\"heading.default\">\n\t\t\t\t\t<h2 class=\"elementor-heading-title elementor-size-default\">OFICIANTES DE CEREMONIAS<\/h2>\t\t\t\t<\/div>\n\t\t\t\t<div class=\"elementor-element elementor-element-18d1f81 elementor-align-center elementor-widget elementor-widget-button\" data-id=\"18d1f81\" data-element_type=\"widget\" data-e-type=\"widget\" data-widget_type=\"button.default\">\n\t\t\t\t\t\t\t\t\t\t<a class=\"elementor-button elementor-button-link elementor-size-sm\" href=\"https:\/\/bylorian.com\/en\/bodas\/\">\n\t\t\t\t\t\t<span class=\"elementor-button-content-wrapper\">\n\t\t\t\t\t\t\t\t\t<span class=\"elementor-button-text\">INFO OFICIANTES DE BODAS<\/span>\n\t\t\t\t\t<\/span>\n\t\t\t\t\t<\/a>\n\t\t\t\t\t\t\t\t<\/div>\n\t\t\t\t<div class=\"elementor-element elementor-element-89d0b66 elementor-align-center elementor-widget elementor-widget-button\" data-id=\"89d0b66\" data-element_type=\"widget\" data-e-type=\"widget\" data-widget_type=\"button.default\">\n\t\t\t\t\t\t\t\t\t\t<a class=\"elementor-button elementor-button-link elementor-size-sm\" href=\"https:\/\/luciasecasa.com\/organiza\/libros-de-votos-ceremonia-boda\/\">\n\t\t\t\t\t\t<span class=\"elementor-button-content-wrapper\">\n\t\t\t\t\t\t\t\t\t<span class=\"elementor-button-text\">Luc\u00eda se casa habla de nuestros libros<\/span>\n\t\t\t\t\t<\/span>\n\t\t\t\t\t<\/a>\n\t\t\t\t\t\t\t\t<\/div>\n\t\t\t\t<div class=\"elementor-element elementor-element-71c391d elementor-align-center elementor-widget elementor-widget-button\" data-id=\"71c391d\" data-element_type=\"widget\" data-e-type=\"widget\" data-widget_type=\"button.default\">\n\t\t\t\t\t\t\t\t\t\t<a class=\"elementor-button elementor-button-link elementor-size-sm\" href=\"https:\/\/bylorian.com\/en\/\">\n\t\t\t\t\t\t<span class=\"elementor-button-content-wrapper\">\n\t\t\t\t\t\t\t\t\t<span class=\"elementor-button-text\">Nuestra nueva web con mucha ilusi\u00f3n<\/span>\n\t\t\t\t\t<\/span>\n\t\t\t\t\t<\/a>\n\t\t\t\t\t\t\t\t<\/div>\n\t\t\t\t<div class=\"elementor-element elementor-element-7e6359b elementor-align-center elementor-widget elementor-widget-button\" data-id=\"7e6359b\" data-element_type=\"widget\" data-e-type=\"widget\" data-widget_type=\"button.default\">\n\t\t\t\t\t\t\t\t\t\t<a class=\"elementor-button elementor-button-link elementor-size-sm\" href=\"https:\/\/search.google.com\/local\/writereview?placeid=ChIJN_OdGXm_bQ0RWCbyFtlCHrM&#038;source=g.page.m.id._\">\n\t\t\t\t\t\t<span class=\"elementor-button-content-wrapper\">\n\t\t\t\t\t\t\t\t\t<span class=\"elementor-button-text\">Dejadnos una rese\u00f1a en google \ud83d\ude42<\/span>\n\t\t\t\t\t<\/span>\n\t\t\t\t\t<\/a>\n\t\t\t\t\t\t\t\t<\/div>\n\t\t\t\t<div class=\"elementor-element elementor-element-87b77ec elementor-align-center elementor-widget elementor-widget-button\" data-id=\"87b77ec\" data-element_type=\"widget\" data-e-type=\"widget\" data-widget_type=\"button.default\">\n\t\t\t\t\t\t\t\t\t\t<a class=\"elementor-button elementor-button-link elementor-size-sm\" href=\"https:\/\/www.bodas.net\/shared\/rate\/171861\">\n\t\t\t\t\t\t<span class=\"elementor-button-content-wrapper\">\n\t\t\t\t\t\t\t\t\t<span class=\"elementor-button-text\">\u00bfNos recomiendas en bodas.net?<\/span>\n\t\t\t\t\t<\/span>\n\t\t\t\t\t<\/a>\n\t\t\t\t\t\t\t\t<\/div>\n\t\t\t\t<div class=\"elementor-element elementor-element-41482da elementor-align-center elementor-widget elementor-widget-button\" data-id=\"41482da\" data-element_type=\"widget\" data-e-type=\"widget\" data-widget_type=\"button.default\">\n\t\t\t\t\t\t\t\t\t\t<a class=\"elementor-button elementor-button-link elementor-size-sm\" href=\"https:\/\/www.weddingchicks.com\/real-weddings\/romantic-elopement-at-mar-de-olivos-in-andalusia-spain\/\">\n\t\t\t\t\t\t<span class=\"elementor-button-content-wrapper\">\n\t\t\t\t\t\t\t\t\t<span class=\"elementor-button-text\">\u00a1Nos publican en wedding chicks!<\/span>\n\t\t\t\t\t<\/span>\n\t\t\t\t\t<\/a>\n\t\t\t\t\t\t\t\t<\/div>\n\t\t\t\t<div class=\"elementor-element elementor-element-3028691 elementor-align-center elementor-widget elementor-widget-button\" data-id=\"3028691\" data-element_type=\"widget\" data-e-type=\"widget\" data-widget_type=\"button.default\">\n\t\t\t\t\t\t\t\t\t\t<a class=\"elementor-button elementor-button-link elementor-size-sm\" href=\"https:\/\/lgtbodas.com\/blog\/bodas-reales\/boda-intima-mar-belen-yolanda\/\">\n\t\t\t\t\t\t<span class=\"elementor-button-content-wrapper\">\n\t\t\t\t\t\t\t\t\t<span class=\"elementor-button-text\">Nuestros libros de votos en la boda de Bel\u00e9n y Yolanda<\/span>\n\t\t\t\t\t<\/span>\n\t\t\t\t\t<\/a>\n\t\t\t\t\t\t\t\t<\/div>\n\t\t\t\t\t<\/div>\n\t\t\t\t<\/div>\n\t\t<div class=\"elementor-element elementor-element-e5b70fb e-con-full e-flex e-con e-parent\" data-id=\"e5b70fb\" data-element_type=\"container\" data-e-type=\"container\" data-settings=\"{&quot;background_background&quot;:&quot;classic&quot;}\">\n\t\t\t\t<div class=\"elementor-element elementor-element-70332e0d elementor-widget-divider--view-line elementor-widget elementor-widget-divider\" data-id=\"70332e0d\" data-element_type=\"widget\" data-e-type=\"widget\" data-widget_type=\"divider.default\">\n\t\t\t\t\t\t\t<div class=\"elementor-divider\">\n\t\t\t<span class=\"elementor-divider-separator\">\n\t\t\t\t\t\t<\/span>\n\t\t<\/div>\n\t\t\t\t\t\t<\/div>\n\t\t<div class=\"elementor-element elementor-element-21ec17af e-con-full e-flex e-con e-child\" data-id=\"21ec17af\" data-element_type=\"container\" data-e-type=\"container\">\n\t\t\t\t<div class=\"elementor-element elementor-element-1d23d71 elementor-widget elementor-widget-text-editor\" data-id=\"1d23d71\" data-element_type=\"widget\" data-e-type=\"widget\" data-widget_type=\"text-editor.default\">\n\t\t\t\t\t\t\t\t\t<p>Connect<\/p>\t\t\t\t\t\t\t\t<\/div>\n\t\t\t\t<div class=\"elementor-element elementor-element-4287dd4 elementor-nav-menu--dropdown-none elementor-nav-menu__align-start elementor-widget elementor-widget-nav-menu\" data-id=\"4287dd4\" data-element_type=\"widget\" data-e-type=\"widget\" data-settings=\"{&quot;submenu_icon&quot;:{&quot;value&quot;:&quot;&lt;i aria-hidden=\\&quot;true\\&quot; class=\\&quot;\\&quot;&gt;&lt;\\\/i&gt;&quot;,&quot;library&quot;:&quot;&quot;},&quot;layout&quot;:&quot;horizontal&quot;}\" data-widget_type=\"nav-menu.default\">\n\t\t\t\t\t\t\t\t<nav aria-label=\"Menu\" class=\"elementor-nav-menu--main elementor-nav-menu__container elementor-nav-menu--layout-horizontal e--pointer-none\">\n\t\t\t\t<ul id=\"menu-1-4287dd4\" class=\"elementor-nav-menu\"><li class=\"menu-item menu-item-type-custom menu-item-object-custom menu-item-252\"><a href=\"https:\/\/www.instagram.com\/lorian.oficiantes\" class=\"elementor-item\">Instagram<\/a><\/li>\n<li class=\"menu-item menu-item-type-custom menu-item-object-custom menu-item-253\"><a href=\"https:\/\/www.facebook.com\/marialorian.oficiante\" class=\"elementor-item\">Facebook<\/a><\/li>\n<li class=\"menu-item menu-item-type-custom menu-item-object-custom menu-item-1444\"><a href=\"https:\/\/www.tiktok.com\/@lorian.oficiantes?_r=1&#038;_t=ZN-94glv2Q75fi\" class=\"elementor-item\">Tiktok<\/a><\/li>\n<li class=\"menu-item menu-item-type-custom menu-item-object-custom menu-item-254\"><a href=\"https:\/\/api.whatsapp.com\/send?phone=34680777478\" class=\"elementor-item\">Whatsapp<\/a><\/li>\n<\/ul>\t\t\t<\/nav>\n\t\t\t\t\t\t<nav class=\"elementor-nav-menu--dropdown elementor-nav-menu__container\" aria-hidden=\"true\">\n\t\t\t\t<ul id=\"menu-2-4287dd4\" class=\"elementor-nav-menu\"><li class=\"menu-item menu-item-type-custom menu-item-object-custom menu-item-252\"><a href=\"https:\/\/www.instagram.com\/lorian.oficiantes\" class=\"elementor-item\" tabindex=\"-1\">Instagram<\/a><\/li>\n<li class=\"menu-item menu-item-type-custom menu-item-object-custom menu-item-253\"><a href=\"https:\/\/www.facebook.com\/marialorian.oficiante\" class=\"elementor-item\" tabindex=\"-1\">Facebook<\/a><\/li>\n<li class=\"menu-item menu-item-type-custom menu-item-object-custom menu-item-1444\"><a href=\"https:\/\/www.tiktok.com\/@lorian.oficiantes?_r=1&#038;_t=ZN-94glv2Q75fi\" class=\"elementor-item\" tabindex=\"-1\">Tiktok<\/a><\/li>\n<li class=\"menu-item menu-item-type-custom menu-item-object-custom menu-item-254\"><a href=\"https:\/\/api.whatsapp.com\/send?phone=34680777478\" class=\"elementor-item\" tabindex=\"-1\">Whatsapp<\/a><\/li>\n<\/ul>\t\t\t<\/nav>\n\t\t\t\t\t\t<\/div>\n\t\t\t\t<\/div>\n\t\t\t\t<div class=\"elementor-element elementor-element-3e7a059c elementor-widget-divider--view-line elementor-widget elementor-widget-divider\" data-id=\"3e7a059c\" data-element_type=\"widget\" data-e-type=\"widget\" data-widget_type=\"divider.default\">\n\t\t\t\t\t\t\t<div class=\"elementor-divider\">\n\t\t\t<span class=\"elementor-divider-separator\">\n\t\t\t\t\t\t<\/span>\n\t\t<\/div>\n\t\t\t\t\t\t<\/div>\n\t\t\t\t<\/div>\n\t\t\t\t<\/div>","protected":false},"excerpt":{"rendered":"<p>OFICIANTES DE CEREMONIAS INFO OFICIANTES DE BODAS Luc\u00eda se casa habla de nuestros libros Nuestra nueva web con mucha ilusi\u00f3n Dejadnos una rese\u00f1a en google \ud83d\ude42 \u00bfNos recomiendas en bodas.net? \u00a1Nos publican en wedding chicks! Nuestros libros de votos en la boda de Bel\u00e9n y Yolanda Conecta<\/p>","protected":false},"author":1,"featured_media":1148,"parent":0,"menu_order":0,"comment_status":"closed","ping_status":"closed","template":"elementor_canvas","meta":{"footnotes":""},"class_list":["post-28","page","type-page","status-publish","has-post-thumbnail","hentry"],"yoast_head":"<!-- This site is optimized with the Yoast SEO plugin v27.5 - https:\/\/yoast.com\/product\/yoast-seo-wordpress\/ -->\n<title>Enlaces, ceremonias y contacto &#8226; Lorian<\/title>\n<meta name=\"description\" content=\"Todos los enlaces de Lorian en un solo lugar. Descubre nuestras ceremonias de boda, servicios, redes sociales y c\u00f3mo contactar.\" \/>\n<meta name=\"robots\" content=\"noindex, follow, max-snippet:-1, max-image-preview:large, max-video-preview:-1\" \/>\n<meta property=\"og:locale\" content=\"en_GB\" \/>\n<meta property=\"og:type\" content=\"article\" \/>\n<meta property=\"og:title\" content=\"Enlaces, ceremonias y contacto &#8226; Lorian\" \/>\n<meta property=\"og:description\" content=\"Todos los enlaces de Lorian en un solo lugar. Descubre nuestras ceremonias de boda, servicios, redes sociales y c\u00f3mo contactar.\" \/>\n<meta property=\"og:url\" content=\"https:\/\/bylorian.com\/en\/links\/\" \/>\n<meta property=\"og:site_name\" content=\"Lorian Oficiantes de bodas\" \/>\n<meta property=\"article:publisher\" content=\"https:\/\/www.facebook.com\/marialorian.oficiante\" \/>\n<meta property=\"article:modified_time\" content=\"2026-03-15T18:49:26+00:00\" \/>\n<meta property=\"og:image\" content=\"https:\/\/bylorian.com\/wp-content\/uploads\/2026\/03\/WhatsApp-Image-2025-07-26-at-13.31.44-3.jpeg\" \/>\n\t<meta property=\"og:image:width\" content=\"1066\" \/>\n\t<meta property=\"og:image:height\" content=\"1600\" \/>\n\t<meta property=\"og:image:type\" content=\"image\/jpeg\" \/>\n<meta name=\"twitter:card\" content=\"summary_large_image\" \/>\n<meta name=\"twitter:label1\" content=\"Estimated reading time\" \/>\n\t<meta name=\"twitter:data1\" content=\"1 minute\" \/>\n<script type=\"application\/ld+json\" class=\"yoast-schema-graph\">{\"@context\":\"https:\\\/\\\/schema.org\",\"@graph\":[{\"@type\":\"WebPage\",\"@id\":\"https:\\\/\\\/bylorian.com\\\/links\\\/\",\"url\":\"https:\\\/\\\/bylorian.com\\\/links\\\/\",\"name\":\"Enlaces, ceremonias y contacto &#8226; Lorian\",\"isPartOf\":{\"@id\":\"https:\\\/\\\/bylorian.com\\\/#website\"},\"primaryImageOfPage\":{\"@id\":\"https:\\\/\\\/bylorian.com\\\/links\\\/#primaryimage\"},\"image\":{\"@id\":\"https:\\\/\\\/bylorian.com\\\/links\\\/#primaryimage\"},\"thumbnailUrl\":\"https:\\\/\\\/bylorian.com\\\/wp-content\\\/uploads\\\/2026\\\/03\\\/WhatsApp-Image-2025-07-26-at-13.31.44-3.jpeg\",\"datePublished\":\"2026-03-02T10:11:49+00:00\",\"dateModified\":\"2026-03-15T18:49:26+00:00\",\"description\":\"Todos los enlaces de Lorian en un solo lugar. Descubre nuestras ceremonias de boda, servicios, redes sociales y c\u00f3mo contactar.\",\"breadcrumb\":{\"@id\":\"https:\\\/\\\/bylorian.com\\\/links\\\/#breadcrumb\"},\"inLanguage\":\"en-GB\",\"potentialAction\":[{\"@type\":\"ReadAction\",\"target\":[\"https:\\\/\\\/bylorian.com\\\/links\\\/\"]}]},{\"@type\":\"ImageObject\",\"inLanguage\":\"en-GB\",\"@id\":\"https:\\\/\\\/bylorian.com\\\/links\\\/#primaryimage\",\"url\":\"https:\\\/\\\/bylorian.com\\\/wp-content\\\/uploads\\\/2026\\\/03\\\/WhatsApp-Image-2025-07-26-at-13.31.44-3.jpeg\",\"contentUrl\":\"https:\\\/\\\/bylorian.com\\\/wp-content\\\/uploads\\\/2026\\\/03\\\/WhatsApp-Image-2025-07-26-at-13.31.44-3.jpeg\",\"width\":1066,\"height\":1600,\"caption\":\"Oficiante-bodas-malaga-lorian\"},{\"@type\":\"BreadcrumbList\",\"@id\":\"https:\\\/\\\/bylorian.com\\\/links\\\/#breadcrumb\",\"itemListElement\":[{\"@type\":\"ListItem\",\"position\":1,\"name\":\"Portada\",\"item\":\"https:\\\/\\\/bylorian.com\\\/\"},{\"@type\":\"ListItem\",\"position\":2,\"name\":\"Links\"}]},{\"@type\":\"WebSite\",\"@id\":\"https:\\\/\\\/bylorian.com\\\/#website\",\"url\":\"https:\\\/\\\/bylorian.com\\\/\",\"name\":\"Lorian Oficiantes de bodas\",\"description\":\"\",\"publisher\":{\"@id\":\"https:\\\/\\\/bylorian.com\\\/#organization\"},\"potentialAction\":[{\"@type\":\"SearchAction\",\"target\":{\"@type\":\"EntryPoint\",\"urlTemplate\":\"https:\\\/\\\/bylorian.com\\\/?s={search_term_string}\"},\"query-input\":{\"@type\":\"PropertyValueSpecification\",\"valueRequired\":true,\"valueName\":\"search_term_string\"}}],\"inLanguage\":\"en-GB\"},{\"@type\":\"Organization\",\"@id\":\"https:\\\/\\\/bylorian.com\\\/#organization\",\"name\":\"Lorian Oficiantes de bodas\",\"url\":\"https:\\\/\\\/bylorian.com\\\/\",\"logo\":{\"@type\":\"ImageObject\",\"inLanguage\":\"en-GB\",\"@id\":\"https:\\\/\\\/bylorian.com\\\/#\\\/schema\\\/logo\\\/image\\\/\",\"url\":\"https:\\\/\\\/bylorian.com\\\/wp-content\\\/uploads\\\/2026\\\/03\\\/Prin-Logo-.svg\",\"contentUrl\":\"https:\\\/\\\/bylorian.com\\\/wp-content\\\/uploads\\\/2026\\\/03\\\/Prin-Logo-.svg\",\"width\":1000,\"height\":480,\"caption\":\"Lorian Oficiantes de bodas\"},\"image\":{\"@id\":\"https:\\\/\\\/bylorian.com\\\/#\\\/schema\\\/logo\\\/image\\\/\"},\"sameAs\":[\"https:\\\/\\\/www.facebook.com\\\/marialorian.oficiante\",\"https:\\\/\\\/www.instagram.com\\\/lorian.maria\\\/\",\"https:\\\/\\\/www.tiktok.com\\\/@lorian.oficiantes?_r=1&_t=ZN-94glv2Q75fi\"]}]}<\/script>\n<!-- \/ Yoast SEO plugin. -->","yoast_head_json":{"title":"Enlaces, ceremonias y contacto &#8226; Lorian","description":"Todos los enlaces de Lorian en un solo lugar. Descubre nuestras ceremonias de boda, servicios, redes sociales y c\u00f3mo contactar.","robots":{"index":"noindex","follow":"follow","max-snippet":"max-snippet:-1","max-image-preview":"max-image-preview:large","max-video-preview":"max-video-preview:-1"},"og_locale":"en_GB","og_type":"article","og_title":"Enlaces, ceremonias y contacto &#8226; Lorian","og_description":"Todos los enlaces de Lorian en un solo lugar. Descubre nuestras ceremonias de boda, servicios, redes sociales y c\u00f3mo contactar.","og_url":"https:\/\/bylorian.com\/en\/links\/","og_site_name":"Lorian Oficiantes de bodas","article_publisher":"https:\/\/www.facebook.com\/marialorian.oficiante","article_modified_time":"2026-03-15T18:49:26+00:00","og_image":[{"width":1066,"height":1600,"url":"https:\/\/bylorian.com\/wp-content\/uploads\/2026\/03\/WhatsApp-Image-2025-07-26-at-13.31.44-3.jpeg","type":"image\/jpeg"}],"twitter_card":"summary_large_image","twitter_misc":{"Estimated reading time":"1 minute"},"schema":{"@context":"https:\/\/schema.org","@graph":[{"@type":"WebPage","@id":"https:\/\/bylorian.com\/links\/","url":"https:\/\/bylorian.com\/links\/","name":"Enlaces, ceremonias y contacto &#8226; Lorian","isPartOf":{"@id":"https:\/\/bylorian.com\/#website"},"primaryImageOfPage":{"@id":"https:\/\/bylorian.com\/links\/#primaryimage"},"image":{"@id":"https:\/\/bylorian.com\/links\/#primaryimage"},"thumbnailUrl":"https:\/\/bylorian.com\/wp-content\/uploads\/2026\/03\/WhatsApp-Image-2025-07-26-at-13.31.44-3.jpeg","datePublished":"2026-03-02T10:11:49+00:00","dateModified":"2026-03-15T18:49:26+00:00","description":"Todos los enlaces de Lorian en un solo lugar. Descubre nuestras ceremonias de boda, servicios, redes sociales y c\u00f3mo contactar.","breadcrumb":{"@id":"https:\/\/bylorian.com\/links\/#breadcrumb"},"inLanguage":"en-GB","potentialAction":[{"@type":"ReadAction","target":["https:\/\/bylorian.com\/links\/"]}]},{"@type":"ImageObject","inLanguage":"en-GB","@id":"https:\/\/bylorian.com\/links\/#primaryimage","url":"https:\/\/bylorian.com\/wp-content\/uploads\/2026\/03\/WhatsApp-Image-2025-07-26-at-13.31.44-3.jpeg","contentUrl":"https:\/\/bylorian.com\/wp-content\/uploads\/2026\/03\/WhatsApp-Image-2025-07-26-at-13.31.44-3.jpeg","width":1066,"height":1600,"caption":"Oficiante-bodas-malaga-lorian"},{"@type":"BreadcrumbList","@id":"https:\/\/bylorian.com\/links\/#breadcrumb","itemListElement":[{"@type":"ListItem","position":1,"name":"Portada","item":"https:\/\/bylorian.com\/"},{"@type":"ListItem","position":2,"name":"Links"}]},{"@type":"WebSite","@id":"https:\/\/bylorian.com\/#website","url":"https:\/\/bylorian.com\/","name":"Lorian Wedding Officiants","description":"","publisher":{"@id":"https:\/\/bylorian.com\/#organization"},"potentialAction":[{"@type":"SearchAction","target":{"@type":"EntryPoint","urlTemplate":"https:\/\/bylorian.com\/?s={search_term_string}"},"query-input":{"@type":"PropertyValueSpecification","valueRequired":true,"valueName":"search_term_string"}}],"inLanguage":"en-GB"},{"@type":"Organization","@id":"https:\/\/bylorian.com\/#organization","name":"Lorian Wedding Officiants","url":"https:\/\/bylorian.com\/","logo":{"@type":"ImageObject","inLanguage":"en-GB","@id":"https:\/\/bylorian.com\/#\/schema\/logo\/image\/","url":"https:\/\/bylorian.com\/wp-content\/uploads\/2026\/03\/Prin-Logo-.svg","contentUrl":"https:\/\/bylorian.com\/wp-content\/uploads\/2026\/03\/Prin-Logo-.svg","width":1000,"height":480,"caption":"Lorian Oficiantes de bodas"},"image":{"@id":"https:\/\/bylorian.com\/#\/schema\/logo\/image\/"},"sameAs":["https:\/\/www.facebook.com\/marialorian.oficiante","https:\/\/www.instagram.com\/lorian.maria\/","https:\/\/www.tiktok.com\/@lorian.oficiantes?_r=1&_t=ZN-94glv2Q75fi"]}]}},"_links":{"self":[{"href":"https:\/\/bylorian.com\/en\/wp-json\/wp\/v2\/pages\/28","targetHints":{"allow":["GET"]}}],"collection":[{"href":"https:\/\/bylorian.com\/en\/wp-json\/wp\/v2\/pages"}],"about":[{"href":"https:\/\/bylorian.com\/en\/wp-json\/wp\/v2\/types\/page"}],"author":[{"embeddable":true,"href":"https:\/\/bylorian.com\/en\/wp-json\/wp\/v2\/users\/1"}],"replies":[{"embeddable":true,"href":"https:\/\/bylorian.com\/en\/wp-json\/wp\/v2\/comments?post=28"}],"version-history":[{"count":130,"href":"https:\/\/bylorian.com\/en\/wp-json\/wp\/v2\/pages\/28\/revisions"}],"predecessor-version":[{"id":1596,"href":"https:\/\/bylorian.com\/en\/wp-json\/wp\/v2\/pages\/28\/revisions\/1596"}],"wp:featuredmedia":[{"embeddable":true,"href":"https:\/\/bylorian.com\/en\/wp-json\/wp\/v2\/media\/1148"}],"wp:attachment":[{"href":"https:\/\/bylorian.com\/en\/wp-json\/wp\/v2\/media?parent=28"}],"curies":[{"name":"wp","href":"https:\/\/api.w.org\/{rel}","templated":true}]}}