{"id":1721,"date":"2026-03-17T11:15:49","date_gmt":"2026-03-17T11:15:49","guid":{"rendered":"https:\/\/bylorian.com\/?page_id=1721"},"modified":"2026-03-17T11:17:23","modified_gmt":"2026-03-17T11:17:23","slug":"avis-juridique","status":"publish","type":"page","link":"https:\/\/bylorian.com\/fr\/aviso-legal\/","title":{"rendered":"Avis juridique"},"content":{"rendered":"<p>Conform\u00e9ment \u00e0 l'obligation d'information pr\u00e9vue par la loi 34\/2002 sur les services de la soci\u00e9t\u00e9 de l'information et le commerce \u00e9lectronique (LSSI-CE), les informations suivantes sont fournies ci-dessous :<\/p>\n\n\n\n<p><strong>Propri\u00e9taire du site :<\/strong> Mar\u00eda L\u00f3pez Soriano<br><strong>Nom commercial :<\/strong> Lorian<br><strong>Domaine web :<\/strong> bylorian.com<br><strong>Localisation :<\/strong> Alcaudete. Ja\u00e9n. Espagne<br><strong>Adresse \u00e9lectronique de contact :<\/strong> (hola@bylorian.com)<\/p>\n\n\n\n<hr class=\"wp-block-separator has-alpha-channel-opacity\"\/>\n\n\n\n<h2 class=\"wp-block-heading\">Objet<\/h2>\n\n\n\n<p>L'objectif de ce site web est de fournir des informations sur les services de c\u00e9r\u00e9monies personnalis\u00e9es, y compris les c\u00e9r\u00e9monies de mariage, les renouvellements de v\u0153ux, les fugues et les conseils en mati\u00e8re de sc\u00e9narios.<\/p>\n\n\n\n<p>L'activit\u00e9 est actuellement en cours de d\u00e9veloppement.<\/p>\n\n\n\n<hr class=\"wp-block-separator has-alpha-channel-opacity\"\/>\n\n\n\n<h2 class=\"wp-block-heading\">Conditions d'utilisation<\/h2>\n\n\n\n<p>L'acc\u00e8s et l'utilisation de ce site web attribuent la condition d'utilisateur et impliquent l'acceptation des conditions \u00e9nonc\u00e9es ici.<\/p>\n\n\n\n<p>L'utilisateur s'engage \u00e0 faire un usage appropri\u00e9 du contenu et des services propos\u00e9s, et \u00e0 ne pas les utiliser pour :<\/p>\n\n\n\n<ul class=\"wp-block-list\">\n<li>Se livrer \u00e0 des activit\u00e9s ill\u00e9gales ou contraires \u00e0 la bonne foi<\/li>\n\n\n\n<li>Diffuser des contenus ill\u00e9gaux, offensants ou contraires aux droits fondamentaux.<\/li>\n\n\n\n<li>causer des dommages aux syst\u00e8mes physiques et logiques du site web<\/li>\n<\/ul>\n\n\n\n<hr class=\"wp-block-separator has-alpha-channel-opacity\"\/>\n\n\n\n<h2 class=\"wp-block-heading\">Propri\u00e9t\u00e9 intellectuelle<\/h2>\n\n\n\n<p>Tous les contenus du site (textes, images, design, structure) sont la propri\u00e9t\u00e9 de Lorian ou font l'objet des droits n\u00e9cessaires \u00e0 leur utilisation, et sont prot\u00e9g\u00e9s par les r\u00e8gles de la propri\u00e9t\u00e9 intellectuelle.<\/p>\n\n\n\n<p>La reproduction, la distribution ou la modification sans autorisation expresse est interdite.<\/p>\n\n\n\n<hr class=\"wp-block-separator has-alpha-channel-opacity\"\/>\n\n\n\n<h2 class=\"wp-block-heading\">Responsabilit\u00e9<\/h2>\n\n\n\n<p>Le propri\u00e9taire d\u00e9cline toute responsabilit\u00e9 pour les dommages qui pourraient r\u00e9sulter de l'utilisation des informations contenues dans ce site web ou de l'absence de disponibilit\u00e9 de ces informations.<\/p>\n\n\n\n<hr class=\"wp-block-separator has-alpha-channel-opacity\"\/>\n\n\n\n<h2 class=\"wp-block-heading\">Liens externes<\/h2>\n\n\n\n<p>Ce site web peut contenir des liens vers des sites externes sur lesquels nous n'avons aucun contr\u00f4le et pour lesquels nous n'assumons aucune responsabilit\u00e9 quant \u00e0 leur contenu.<\/p>\n\n\n\n<hr class=\"wp-block-separator has-alpha-channel-opacity\"\/>\n\n\n\n<h2 class=\"wp-block-heading\">L\u00e9gislation applicable<\/h2>\n\n\n\n<p>La relation entre l'utilisateur et le propri\u00e9taire est r\u00e9gie par la r\u00e9glementation en vigueur en Espagne.<\/p>","protected":false},"excerpt":{"rendered":"<p>En cumplimiento con el deber de informaci\u00f3n recogido en la Ley 34\/2002 de Servicios de la Sociedad de la Informaci\u00f3n y del Comercio Electr\u00f3nico (LSSI-CE), se facilitan a continuaci\u00f3n los siguientes datos: Titular de la web: Mar\u00eda L\u00f3pez SorianoNombre comercial: LorianDominio web: bylorian.comUbicaci\u00f3n: Alcaudete. Ja\u00e9n. Espa\u00f1aCorreo electr\u00f3nico de contacto: (hola@bylorian.com) Objeto El presente sitio web [&hellip;]<\/p>\n","protected":false},"author":1,"featured_media":0,"parent":0,"menu_order":0,"comment_status":"closed","ping_status":"closed","template":"","meta":{"footnotes":""},"class_list":["post-1721","page","type-page","status-publish","hentry"],"yoast_head":"<!-- This site is optimized with the Yoast SEO plugin v27.5 - https:\/\/yoast.com\/product\/yoast-seo-wordpress\/ -->\n<title>Aviso Legal &#8226; Lorian Oficiantes de bodas<\/title>\n<meta name=\"robots\" content=\"noindex, follow\" \/>\n<meta property=\"og:locale\" content=\"fr_FR\" \/>\n<meta property=\"og:type\" content=\"article\" \/>\n<meta property=\"og:title\" content=\"Aviso Legal &#8226; Lorian Oficiantes de bodas\" \/>\n<meta property=\"og:description\" content=\"En cumplimiento con el deber de informaci\u00f3n recogido en la Ley 34\/2002 de Servicios de la Sociedad de la Informaci\u00f3n y del Comercio Electr\u00f3nico (LSSI-CE), se facilitan a continuaci\u00f3n los siguientes datos: Titular de la web: Mar\u00eda L\u00f3pez SorianoNombre comercial: LorianDominio web: bylorian.comUbicaci\u00f3n: Alcaudete. Ja\u00e9n. Espa\u00f1aCorreo electr\u00f3nico de contacto: (hola@bylorian.com) Objeto El presente sitio web [&hellip;]\" \/>\n<meta property=\"og:url\" content=\"https:\/\/bylorian.com\/fr\/avis-juridique\/\" \/>\n<meta property=\"og:site_name\" content=\"Lorian Oficiantes de bodas\" \/>\n<meta property=\"article:publisher\" content=\"https:\/\/www.facebook.com\/marialorian.oficiante\" \/>\n<meta property=\"article:modified_time\" content=\"2026-03-17T11:17:23+00:00\" \/>\n<meta name=\"twitter:card\" content=\"summary_large_image\" \/>\n<meta name=\"twitter:label1\" content=\"Dur\u00e9e de lecture estim\u00e9e\" \/>\n\t<meta name=\"twitter:data1\" content=\"2 minutes\" \/>\n<script type=\"application\/ld+json\" class=\"yoast-schema-graph\">{\"@context\":\"https:\\\/\\\/schema.org\",\"@graph\":[{\"@type\":\"WebPage\",\"@id\":\"https:\\\/\\\/bylorian.com\\\/aviso-legal\\\/\",\"url\":\"https:\\\/\\\/bylorian.com\\\/aviso-legal\\\/\",\"name\":\"Aviso Legal &#8226; Lorian Oficiantes de bodas\",\"isPartOf\":{\"@id\":\"https:\\\/\\\/bylorian.com\\\/#website\"},\"datePublished\":\"2026-03-17T11:15:49+00:00\",\"dateModified\":\"2026-03-17T11:17:23+00:00\",\"breadcrumb\":{\"@id\":\"https:\\\/\\\/bylorian.com\\\/aviso-legal\\\/#breadcrumb\"},\"inLanguage\":\"fr-FR\",\"potentialAction\":[{\"@type\":\"ReadAction\",\"target\":[\"https:\\\/\\\/bylorian.com\\\/aviso-legal\\\/\"]}]},{\"@type\":\"BreadcrumbList\",\"@id\":\"https:\\\/\\\/bylorian.com\\\/aviso-legal\\\/#breadcrumb\",\"itemListElement\":[{\"@type\":\"ListItem\",\"position\":1,\"name\":\"Portada\",\"item\":\"https:\\\/\\\/bylorian.com\\\/\"},{\"@type\":\"ListItem\",\"position\":2,\"name\":\"Aviso Legal\"}]},{\"@type\":\"WebSite\",\"@id\":\"https:\\\/\\\/bylorian.com\\\/#website\",\"url\":\"https:\\\/\\\/bylorian.com\\\/\",\"name\":\"Lorian Oficiantes de bodas\",\"description\":\"\",\"publisher\":{\"@id\":\"https:\\\/\\\/bylorian.com\\\/#organization\"},\"potentialAction\":[{\"@type\":\"SearchAction\",\"target\":{\"@type\":\"EntryPoint\",\"urlTemplate\":\"https:\\\/\\\/bylorian.com\\\/?s={search_term_string}\"},\"query-input\":{\"@type\":\"PropertyValueSpecification\",\"valueRequired\":true,\"valueName\":\"search_term_string\"}}],\"inLanguage\":\"fr-FR\"},{\"@type\":\"Organization\",\"@id\":\"https:\\\/\\\/bylorian.com\\\/#organization\",\"name\":\"Lorian Oficiantes de bodas\",\"url\":\"https:\\\/\\\/bylorian.com\\\/\",\"logo\":{\"@type\":\"ImageObject\",\"inLanguage\":\"fr-FR\",\"@id\":\"https:\\\/\\\/bylorian.com\\\/#\\\/schema\\\/logo\\\/image\\\/\",\"url\":\"https:\\\/\\\/bylorian.com\\\/wp-content\\\/uploads\\\/2026\\\/03\\\/Prin-Logo-.svg\",\"contentUrl\":\"https:\\\/\\\/bylorian.com\\\/wp-content\\\/uploads\\\/2026\\\/03\\\/Prin-Logo-.svg\",\"width\":1000,\"height\":480,\"caption\":\"Lorian Oficiantes de bodas\"},\"image\":{\"@id\":\"https:\\\/\\\/bylorian.com\\\/#\\\/schema\\\/logo\\\/image\\\/\"},\"sameAs\":[\"https:\\\/\\\/www.facebook.com\\\/marialorian.oficiante\",\"https:\\\/\\\/www.instagram.com\\\/lorian.maria\\\/\",\"https:\\\/\\\/www.tiktok.com\\\/@lorian.oficiantes?_r=1&_t=ZN-94glv2Q75fi\"]}]}<\/script>\n<!-- \/ Yoast SEO plugin. -->","yoast_head_json":{"title":"Mentions l\u00e9gales - Lorian Wedding Officiants","robots":{"index":"noindex","follow":"follow"},"og_locale":"fr_FR","og_type":"article","og_title":"Aviso Legal &#8226; Lorian Oficiantes de bodas","og_description":"En cumplimiento con el deber de informaci\u00f3n recogido en la Ley 34\/2002 de Servicios de la Sociedad de la Informaci\u00f3n y del Comercio Electr\u00f3nico (LSSI-CE), se facilitan a continuaci\u00f3n los siguientes datos: Titular de la web: Mar\u00eda L\u00f3pez SorianoNombre comercial: LorianDominio web: bylorian.comUbicaci\u00f3n: Alcaudete. Ja\u00e9n. Espa\u00f1aCorreo electr\u00f3nico de contacto: (hola@bylorian.com) Objeto El presente sitio web [&hellip;]","og_url":"https:\/\/bylorian.com\/fr\/avis-juridique\/","og_site_name":"Lorian Oficiantes de bodas","article_publisher":"https:\/\/www.facebook.com\/marialorian.oficiante","article_modified_time":"2026-03-17T11:17:23+00:00","twitter_card":"summary_large_image","twitter_misc":{"Dur\u00e9e de lecture estim\u00e9e":"2 minutes"},"schema":{"@context":"https:\/\/schema.org","@graph":[{"@type":"WebPage","@id":"https:\/\/bylorian.com\/aviso-legal\/","url":"https:\/\/bylorian.com\/aviso-legal\/","name":"Mentions l\u00e9gales - Lorian Wedding Officiants","isPartOf":{"@id":"https:\/\/bylorian.com\/#website"},"datePublished":"2026-03-17T11:15:49+00:00","dateModified":"2026-03-17T11:17:23+00:00","breadcrumb":{"@id":"https:\/\/bylorian.com\/aviso-legal\/#breadcrumb"},"inLanguage":"fr-FR","potentialAction":[{"@type":"ReadAction","target":["https:\/\/bylorian.com\/aviso-legal\/"]}]},{"@type":"BreadcrumbList","@id":"https:\/\/bylorian.com\/aviso-legal\/#breadcrumb","itemListElement":[{"@type":"ListItem","position":1,"name":"Portada","item":"https:\/\/bylorian.com\/"},{"@type":"ListItem","position":2,"name":"Aviso Legal"}]},{"@type":"WebSite","@id":"https:\/\/bylorian.com\/#website","url":"https:\/\/bylorian.com\/","name":"Officiants de mariage \u00e0 Lorian","description":"","publisher":{"@id":"https:\/\/bylorian.com\/#organization"},"potentialAction":[{"@type":"SearchAction","target":{"@type":"EntryPoint","urlTemplate":"https:\/\/bylorian.com\/?s={search_term_string}"},"query-input":{"@type":"PropertyValueSpecification","valueRequired":true,"valueName":"search_term_string"}}],"inLanguage":"fr-FR"},{"@type":"Organization","@id":"https:\/\/bylorian.com\/#organization","name":"Officiants de mariage \u00e0 Lorian","url":"https:\/\/bylorian.com\/","logo":{"@type":"ImageObject","inLanguage":"fr-FR","@id":"https:\/\/bylorian.com\/#\/schema\/logo\/image\/","url":"https:\/\/bylorian.com\/wp-content\/uploads\/2026\/03\/Prin-Logo-.svg","contentUrl":"https:\/\/bylorian.com\/wp-content\/uploads\/2026\/03\/Prin-Logo-.svg","width":1000,"height":480,"caption":"Lorian Oficiantes de bodas"},"image":{"@id":"https:\/\/bylorian.com\/#\/schema\/logo\/image\/"},"sameAs":["https:\/\/www.facebook.com\/marialorian.oficiante","https:\/\/www.instagram.com\/lorian.maria\/","https:\/\/www.tiktok.com\/@lorian.oficiantes?_r=1&_t=ZN-94glv2Q75fi"]}]}},"_links":{"self":[{"href":"https:\/\/bylorian.com\/fr\/wp-json\/wp\/v2\/pages\/1721","targetHints":{"allow":["GET"]}}],"collection":[{"href":"https:\/\/bylorian.com\/fr\/wp-json\/wp\/v2\/pages"}],"about":[{"href":"https:\/\/bylorian.com\/fr\/wp-json\/wp\/v2\/types\/page"}],"author":[{"embeddable":true,"href":"https:\/\/bylorian.com\/fr\/wp-json\/wp\/v2\/users\/1"}],"replies":[{"embeddable":true,"href":"https:\/\/bylorian.com\/fr\/wp-json\/wp\/v2\/comments?post=1721"}],"version-history":[{"count":1,"href":"https:\/\/bylorian.com\/fr\/wp-json\/wp\/v2\/pages\/1721\/revisions"}],"predecessor-version":[{"id":1722,"href":"https:\/\/bylorian.com\/fr\/wp-json\/wp\/v2\/pages\/1721\/revisions\/1722"}],"wp:attachment":[{"href":"https:\/\/bylorian.com\/fr\/wp-json\/wp\/v2\/media?parent=1721"}],"curies":[{"name":"wp","href":"https:\/\/api.w.org\/{rel}","templated":true}]}}