{"id":1723,"date":"2026-03-17T11:21:31","date_gmt":"2026-03-17T11:21:31","guid":{"rendered":"https:\/\/bylorian.com\/?page_id=1723"},"modified":"2026-03-17T11:23:07","modified_gmt":"2026-03-17T11:23:07","slug":"politique-en-matiere-de-cookies","status":"publish","type":"page","link":"https:\/\/bylorian.com\/fr\/politica-de-cookies\/","title":{"rendered":"Politique en mati\u00e8re de cookies"},"content":{"rendered":"<p>Nous utilisons des cookies sur ce site web pour am\u00e9liorer l'exp\u00e9rience de l'utilisateur et pour analyser l'utilisation du site.<\/p>\n\n\n\n<hr class=\"wp-block-separator has-alpha-channel-opacity\"\/>\n\n\n\n<h2 class=\"wp-block-heading\">Qu'est-ce qu'un biscuit ?<\/h2>\n\n\n\n<p>Les cookies sont de petits fichiers texte qui sont stock\u00e9s dans le navigateur de l'utilisateur lorsqu'il visite un site web. Leur fonction est de m\u00e9moriser des informations sur la visite afin de faciliter la navigation.<\/p>\n\n\n\n<hr class=\"wp-block-separator has-alpha-channel-opacity\"\/>\n\n\n\n<h2 class=\"wp-block-heading\">Types de cookies utilis\u00e9s<\/h2>\n\n\n\n<h3 class=\"wp-block-heading\">Cookies techniques<\/h3>\n\n\n\n<p>Ils sont n\u00e9cessaires au fonctionnement de base du site web et permettent, par exemple, la navigation ou l'acc\u00e8s aux formulaires.<\/p>\n\n\n\n<hr class=\"wp-block-separator has-alpha-channel-opacity\"\/>\n\n\n\n<h3 class=\"wp-block-heading\">Cookies analytiques<\/h3>\n\n\n\n<p>Ce site utilise Google Analytics, un service d'analyse du web fourni par Google, qui nous permet de comprendre comment les utilisateurs interagissent avec le site.<\/p>\n\n\n\n<p>Les informations collect\u00e9es sont anonymes et sont utilis\u00e9es \u00e0 des fins statistiques pour am\u00e9liorer le contenu et l'exp\u00e9rience des utilisateurs.<\/p>\n\n\n\n<hr class=\"wp-block-separator has-alpha-channel-opacity\"\/>\n\n\n\n<h2 class=\"wp-block-heading\">Gestion des cookies<\/h2>\n\n\n\n<p>L'utilisateur peut accepter, refuser ou configurer l'utilisation des cookies par le biais de la banni\u00e8re de configuration lors de l'acc\u00e8s au site web.<\/p>\n\n\n\n<p>Vous pouvez \u00e9galement configurer votre navigateur pour bloquer ou supprimer les cookies install\u00e9s.<\/p>\n\n\n\n<p>Vous trouverez ci-dessous des liens vers la gestion des cookies dans les navigateurs les plus courants :<\/p>\n\n\n\n<ul class=\"wp-block-list\">\n<li>Google Chrome<\/li>\n\n\n\n<li>Mozilla Firefox<\/li>\n\n\n\n<li>Safari<\/li>\n\n\n\n<li>Microsoft Edge<\/li>\n<\/ul>\n\n\n\n<hr class=\"wp-block-separator has-alpha-channel-opacity\"\/>\n\n\n\n<h2 class=\"wp-block-heading\">Modifications de la politique en mati\u00e8re de cookies<\/h2>\n\n\n\n<p>Cette politique peut \u00eatre mise \u00e0 jour en fonction des exigences l\u00e9gales ou des changements dans l'utilisation des cookies sur le site web.<\/p>","protected":false},"excerpt":{"rendered":"<p>En este sitio web utilizamos cookies para mejorar la experiencia del usuario y analizar el uso de la p\u00e1gina. \u00bfQu\u00e9 son las cookies? Las cookies son peque\u00f1os archivos de texto que se almacenan en el navegador del usuario cuando visita una p\u00e1gina web. Su funci\u00f3n es recordar informaci\u00f3n sobre la visita para facilitar la navegaci\u00f3n. [&hellip;]<\/p>\n","protected":false},"author":1,"featured_media":0,"parent":0,"menu_order":0,"comment_status":"closed","ping_status":"closed","template":"","meta":{"footnotes":""},"class_list":["post-1723","page","type-page","status-publish","hentry"],"yoast_head":"<!-- This site is optimized with the Yoast SEO plugin v27.5 - https:\/\/yoast.com\/product\/yoast-seo-wordpress\/ -->\n<title>Pol\u00edtica de Cookies &#8226; Lorian Oficiantes de bodas<\/title>\n<meta name=\"robots\" content=\"noindex, follow\" \/>\n<meta property=\"og:locale\" content=\"fr_FR\" \/>\n<meta property=\"og:type\" content=\"article\" \/>\n<meta property=\"og:title\" content=\"Pol\u00edtica de Cookies &#8226; Lorian Oficiantes de bodas\" \/>\n<meta property=\"og:description\" content=\"En este sitio web utilizamos cookies para mejorar la experiencia del usuario y analizar el uso de la p\u00e1gina. \u00bfQu\u00e9 son las cookies? Las cookies son peque\u00f1os archivos de texto que se almacenan en el navegador del usuario cuando visita una p\u00e1gina web. Su funci\u00f3n es recordar informaci\u00f3n sobre la visita para facilitar la navegaci\u00f3n. [&hellip;]\" \/>\n<meta property=\"og:url\" content=\"https:\/\/bylorian.com\/fr\/politique-en-matiere-de-cookies\/\" \/>\n<meta property=\"og:site_name\" content=\"Lorian Oficiantes de bodas\" \/>\n<meta property=\"article:publisher\" content=\"https:\/\/www.facebook.com\/marialorian.oficiante\" \/>\n<meta property=\"article:modified_time\" content=\"2026-03-17T11:23:07+00:00\" \/>\n<meta name=\"twitter:card\" content=\"summary_large_image\" \/>\n<meta name=\"twitter:label1\" content=\"Dur\u00e9e de lecture estim\u00e9e\" \/>\n\t<meta name=\"twitter:data1\" content=\"1 minute\" \/>\n<script type=\"application\/ld+json\" class=\"yoast-schema-graph\">{\"@context\":\"https:\\\/\\\/schema.org\",\"@graph\":[{\"@type\":\"WebPage\",\"@id\":\"https:\\\/\\\/bylorian.com\\\/politica-de-cookies\\\/\",\"url\":\"https:\\\/\\\/bylorian.com\\\/politica-de-cookies\\\/\",\"name\":\"Pol\u00edtica de Cookies &#8226; Lorian Oficiantes de bodas\",\"isPartOf\":{\"@id\":\"https:\\\/\\\/bylorian.com\\\/#website\"},\"datePublished\":\"2026-03-17T11:21:31+00:00\",\"dateModified\":\"2026-03-17T11:23:07+00:00\",\"breadcrumb\":{\"@id\":\"https:\\\/\\\/bylorian.com\\\/politica-de-cookies\\\/#breadcrumb\"},\"inLanguage\":\"fr-FR\",\"potentialAction\":[{\"@type\":\"ReadAction\",\"target\":[\"https:\\\/\\\/bylorian.com\\\/politica-de-cookies\\\/\"]}]},{\"@type\":\"BreadcrumbList\",\"@id\":\"https:\\\/\\\/bylorian.com\\\/politica-de-cookies\\\/#breadcrumb\",\"itemListElement\":[{\"@type\":\"ListItem\",\"position\":1,\"name\":\"Portada\",\"item\":\"https:\\\/\\\/bylorian.com\\\/\"},{\"@type\":\"ListItem\",\"position\":2,\"name\":\"Pol\u00edtica de Cookies\"}]},{\"@type\":\"WebSite\",\"@id\":\"https:\\\/\\\/bylorian.com\\\/#website\",\"url\":\"https:\\\/\\\/bylorian.com\\\/\",\"name\":\"Lorian Oficiantes de bodas\",\"description\":\"\",\"publisher\":{\"@id\":\"https:\\\/\\\/bylorian.com\\\/#organization\"},\"potentialAction\":[{\"@type\":\"SearchAction\",\"target\":{\"@type\":\"EntryPoint\",\"urlTemplate\":\"https:\\\/\\\/bylorian.com\\\/?s={search_term_string}\"},\"query-input\":{\"@type\":\"PropertyValueSpecification\",\"valueRequired\":true,\"valueName\":\"search_term_string\"}}],\"inLanguage\":\"fr-FR\"},{\"@type\":\"Organization\",\"@id\":\"https:\\\/\\\/bylorian.com\\\/#organization\",\"name\":\"Lorian Oficiantes de bodas\",\"url\":\"https:\\\/\\\/bylorian.com\\\/\",\"logo\":{\"@type\":\"ImageObject\",\"inLanguage\":\"fr-FR\",\"@id\":\"https:\\\/\\\/bylorian.com\\\/#\\\/schema\\\/logo\\\/image\\\/\",\"url\":\"https:\\\/\\\/bylorian.com\\\/wp-content\\\/uploads\\\/2026\\\/03\\\/Prin-Logo-.svg\",\"contentUrl\":\"https:\\\/\\\/bylorian.com\\\/wp-content\\\/uploads\\\/2026\\\/03\\\/Prin-Logo-.svg\",\"width\":1000,\"height\":480,\"caption\":\"Lorian Oficiantes de bodas\"},\"image\":{\"@id\":\"https:\\\/\\\/bylorian.com\\\/#\\\/schema\\\/logo\\\/image\\\/\"},\"sameAs\":[\"https:\\\/\\\/www.facebook.com\\\/marialorian.oficiante\",\"https:\\\/\\\/www.instagram.com\\\/lorian.maria\\\/\",\"https:\\\/\\\/www.tiktok.com\\\/@lorian.oficiantes?_r=1&_t=ZN-94glv2Q75fi\"]}]}<\/script>\n<!-- \/ Yoast SEO plugin. -->","yoast_head_json":{"title":"Politique en mati\u00e8re de cookies - Lorian Wedding Officiants","robots":{"index":"noindex","follow":"follow"},"og_locale":"fr_FR","og_type":"article","og_title":"Pol\u00edtica de Cookies &#8226; Lorian Oficiantes de bodas","og_description":"En este sitio web utilizamos cookies para mejorar la experiencia del usuario y analizar el uso de la p\u00e1gina. \u00bfQu\u00e9 son las cookies? Las cookies son peque\u00f1os archivos de texto que se almacenan en el navegador del usuario cuando visita una p\u00e1gina web. Su funci\u00f3n es recordar informaci\u00f3n sobre la visita para facilitar la navegaci\u00f3n. [&hellip;]","og_url":"https:\/\/bylorian.com\/fr\/politique-en-matiere-de-cookies\/","og_site_name":"Lorian Oficiantes de bodas","article_publisher":"https:\/\/www.facebook.com\/marialorian.oficiante","article_modified_time":"2026-03-17T11:23:07+00:00","twitter_card":"summary_large_image","twitter_misc":{"Dur\u00e9e de lecture estim\u00e9e":"1 minute"},"schema":{"@context":"https:\/\/schema.org","@graph":[{"@type":"WebPage","@id":"https:\/\/bylorian.com\/politica-de-cookies\/","url":"https:\/\/bylorian.com\/politica-de-cookies\/","name":"Politique en mati\u00e8re de cookies - Lorian Wedding Officiants","isPartOf":{"@id":"https:\/\/bylorian.com\/#website"},"datePublished":"2026-03-17T11:21:31+00:00","dateModified":"2026-03-17T11:23:07+00:00","breadcrumb":{"@id":"https:\/\/bylorian.com\/politica-de-cookies\/#breadcrumb"},"inLanguage":"fr-FR","potentialAction":[{"@type":"ReadAction","target":["https:\/\/bylorian.com\/politica-de-cookies\/"]}]},{"@type":"BreadcrumbList","@id":"https:\/\/bylorian.com\/politica-de-cookies\/#breadcrumb","itemListElement":[{"@type":"ListItem","position":1,"name":"Portada","item":"https:\/\/bylorian.com\/"},{"@type":"ListItem","position":2,"name":"Pol\u00edtica de Cookies"}]},{"@type":"WebSite","@id":"https:\/\/bylorian.com\/#website","url":"https:\/\/bylorian.com\/","name":"Officiants de mariage \u00e0 Lorian","description":"","publisher":{"@id":"https:\/\/bylorian.com\/#organization"},"potentialAction":[{"@type":"SearchAction","target":{"@type":"EntryPoint","urlTemplate":"https:\/\/bylorian.com\/?s={search_term_string}"},"query-input":{"@type":"PropertyValueSpecification","valueRequired":true,"valueName":"search_term_string"}}],"inLanguage":"fr-FR"},{"@type":"Organization","@id":"https:\/\/bylorian.com\/#organization","name":"Officiants de mariage \u00e0 Lorian","url":"https:\/\/bylorian.com\/","logo":{"@type":"ImageObject","inLanguage":"fr-FR","@id":"https:\/\/bylorian.com\/#\/schema\/logo\/image\/","url":"https:\/\/bylorian.com\/wp-content\/uploads\/2026\/03\/Prin-Logo-.svg","contentUrl":"https:\/\/bylorian.com\/wp-content\/uploads\/2026\/03\/Prin-Logo-.svg","width":1000,"height":480,"caption":"Lorian Oficiantes de bodas"},"image":{"@id":"https:\/\/bylorian.com\/#\/schema\/logo\/image\/"},"sameAs":["https:\/\/www.facebook.com\/marialorian.oficiante","https:\/\/www.instagram.com\/lorian.maria\/","https:\/\/www.tiktok.com\/@lorian.oficiantes?_r=1&_t=ZN-94glv2Q75fi"]}]}},"_links":{"self":[{"href":"https:\/\/bylorian.com\/fr\/wp-json\/wp\/v2\/pages\/1723","targetHints":{"allow":["GET"]}}],"collection":[{"href":"https:\/\/bylorian.com\/fr\/wp-json\/wp\/v2\/pages"}],"about":[{"href":"https:\/\/bylorian.com\/fr\/wp-json\/wp\/v2\/types\/page"}],"author":[{"embeddable":true,"href":"https:\/\/bylorian.com\/fr\/wp-json\/wp\/v2\/users\/1"}],"replies":[{"embeddable":true,"href":"https:\/\/bylorian.com\/fr\/wp-json\/wp\/v2\/comments?post=1723"}],"version-history":[{"count":2,"href":"https:\/\/bylorian.com\/fr\/wp-json\/wp\/v2\/pages\/1723\/revisions"}],"predecessor-version":[{"id":1726,"href":"https:\/\/bylorian.com\/fr\/wp-json\/wp\/v2\/pages\/1723\/revisions\/1726"}],"wp:attachment":[{"href":"https:\/\/bylorian.com\/fr\/wp-json\/wp\/v2\/media?parent=1723"}],"curies":[{"name":"wp","href":"https:\/\/api.w.org\/{rel}","templated":true}]}}