{"id":26,"date":"2026-03-02T10:11:21","date_gmt":"2026-03-02T10:11:21","guid":{"rendered":"https:\/\/bylorian.com\/?page_id=26"},"modified":"2026-03-26T11:28:23","modified_gmt":"2026-03-26T11:28:23","slug":"contact","status":"publish","type":"page","link":"https:\/\/bylorian.com\/fr\/contacto\/","title":{"rendered":"Contact"},"content":{"rendered":"\t\t<div data-elementor-type=\"wp-page\" data-elementor-id=\"26\" class=\"elementor elementor-26\" data-elementor-post-type=\"page\">\n\t\t\t\t<div class=\"elementor-element elementor-element-1820787 e-flex e-con-boxed e-con e-parent\" data-id=\"1820787\" data-element_type=\"container\" data-e-type=\"container\" data-settings=\"{&quot;background_background&quot;:&quot;classic&quot;}\">\n\t\t\t\t\t<div class=\"e-con-inner\">\n\t\t<div class=\"elementor-element elementor-element-e7d9bf4 e-con-full e-flex e-con e-child\" data-id=\"e7d9bf4\" data-element_type=\"container\" data-e-type=\"container\" data-settings=\"{&quot;background_background&quot;:&quot;classic&quot;}\">\n\t\t\t\t<div class=\"elementor-element elementor-element-de008c6 elementor-widget elementor-widget-heading\" data-id=\"de008c6\" data-element_type=\"widget\" data-e-type=\"widget\" data-widget_type=\"heading.default\">\n\t\t\t\t\t<h2 class=\"elementor-heading-title elementor-size-default\">Vamos a ponernos en contacto<\/h2>\t\t\t\t<\/div>\n\t\t\t\t<\/div>\n\t\t\t\t\t<\/div>\n\t\t\t\t<\/div>\n\t\t<div class=\"elementor-element elementor-element-5b10fc34 e-con-full e-flex e-con e-parent\" data-id=\"5b10fc34\" data-element_type=\"container\" data-e-type=\"container\" data-settings=\"{&quot;background_background&quot;:&quot;classic&quot;}\">\n\t\t\t\t<div class=\"elementor-element elementor-element-76369cee elementor-widget-divider--view-line elementor-widget elementor-widget-divider\" data-id=\"76369cee\" data-element_type=\"widget\" data-e-type=\"widget\" data-widget_type=\"divider.default\">\n\t\t\t\t\t\t\t<div class=\"elementor-divider\">\n\t\t\t<span class=\"elementor-divider-separator\">\n\t\t\t\t\t\t<\/span>\n\t\t<\/div>\n\t\t\t\t\t\t<\/div>\n\t\t<div class=\"elementor-element elementor-element-5368c038 e-con-full e-flex e-con e-child\" data-id=\"5368c038\" data-element_type=\"container\" data-e-type=\"container\">\n\t\t\t\t<div class=\"elementor-element elementor-element-7c22991f elementor-widget elementor-widget-heading\" data-id=\"7c22991f\" data-element_type=\"widget\" data-e-type=\"widget\" data-widget_type=\"heading.default\">\n\t\t\t\t\t<h6 class=\"elementor-heading-title elementor-size-default\">Tel\u00e9fono<\/h6>\t\t\t\t<\/div>\n\t\t\t\t<div class=\"elementor-element elementor-element-f8dc523 elementor-widget elementor-widget-heading\" data-id=\"f8dc523\" data-element_type=\"widget\" data-e-type=\"widget\" data-widget_type=\"heading.default\">\n\t\t\t\t\t<h6 class=\"elementor-heading-title elementor-size-default\">+ 34 680 77 74 78<\/h6>\t\t\t\t<\/div>\n\t\t\t\t<div class=\"elementor-element elementor-element-5929d31 elementor-widget elementor-widget-heading\" data-id=\"5929d31\" data-element_type=\"widget\" data-e-type=\"widget\" data-widget_type=\"heading.default\">\n\t\t\t\t\t<h6 class=\"elementor-heading-title elementor-size-default\"><a href=\"https:\/\/api.whatsapp.com\/send?phone=34680777478\">Whatsapp<\/a><\/h6>\t\t\t\t<\/div>\n\t\t\t\t<div class=\"elementor-element elementor-element-27dd83aa elementor-widget elementor-widget-heading\" data-id=\"27dd83aa\" data-element_type=\"widget\" data-e-type=\"widget\" data-widget_type=\"heading.default\">\n\t\t\t\t\t<h6 class=\"elementor-heading-title elementor-size-default\">Correo electr\u00f3nico<\/h6>\t\t\t\t<\/div>\n\t\t\t\t<div class=\"elementor-element elementor-element-4068f2b elementor-widget elementor-widget-heading\" data-id=\"4068f2b\" data-element_type=\"widget\" data-e-type=\"widget\" data-widget_type=\"heading.default\">\n\t\t\t\t\t<h6 class=\"elementor-heading-title elementor-size-default\">HOLA@BYLORIAN.COM<\/h6>\t\t\t\t<\/div>\n\t\t\t\t<\/div>\n\t\t\t\t<div class=\"elementor-element elementor-element-66f42e74 elementor-widget-divider--view-line elementor-widget elementor-widget-divider\" data-id=\"66f42e74\" data-element_type=\"widget\" data-e-type=\"widget\" data-widget_type=\"divider.default\">\n\t\t\t\t\t\t\t<div class=\"elementor-divider\">\n\t\t\t<span class=\"elementor-divider-separator\">\n\t\t\t\t\t\t<\/span>\n\t\t<\/div>\n\t\t\t\t\t\t<\/div>\n\t\t\t\t<\/div>\n\t\t<div class=\"elementor-element elementor-element-62bbcbc e-flex e-con-boxed e-con e-parent\" data-id=\"62bbcbc\" data-element_type=\"container\" data-e-type=\"container\" data-settings=\"{&quot;background_background&quot;:&quot;classic&quot;}\">\n\t\t\t\t\t<div class=\"e-con-inner\">\n\t\t<div class=\"elementor-element elementor-element-564489e e-con-full e-flex e-con e-child\" data-id=\"564489e\" data-element_type=\"container\" data-e-type=\"container\">\n\t\t\t\t<div class=\"elementor-element elementor-element-4c26ffd elementor-widget__width-initial elementor-hidden-tablet elementor-hidden-mobile elementor-widget elementor-widget-text-editor\" data-id=\"4c26ffd\" data-element_type=\"widget\" data-e-type=\"widget\" data-widget_type=\"text-editor.default\">\n\t\t\t\t\t\t\t\t\t<p>Pod\u00e9is rellenar este formulario o bien escribirnos por <a href=\"https:\/\/api.whatsapp.com\/send?phone=34680777478\">whatsapp<\/a> o por correo electr\u00f3nico.<\/p>\t\t\t\t\t\t\t\t<\/div>\n\t\t\t\t<div class=\"elementor-element elementor-element-36f4c7b elementor-widget elementor-widget-image\" data-id=\"36f4c7b\" data-element_type=\"widget\" data-e-type=\"widget\" data-widget_type=\"image.default\">\n\t\t\t\t\t\t\t\t\t\t\t\t\t\t\t<img fetchpriority=\"high\" decoding=\"async\" width=\"1600\" height=\"1063\" src=\"https:\/\/bylorian.com\/wp-content\/uploads\/2026\/03\/0d2a8360-f1be-4352-acc5-880b89e87f9d.jpg\" class=\"attachment-full size-full wp-image-703\" alt=\"\" srcset=\"https:\/\/bylorian.com\/wp-content\/uploads\/2026\/03\/0d2a8360-f1be-4352-acc5-880b89e87f9d.jpg 1600w, https:\/\/bylorian.com\/wp-content\/uploads\/2026\/03\/0d2a8360-f1be-4352-acc5-880b89e87f9d-300x199.jpg 300w, https:\/\/bylorian.com\/wp-content\/uploads\/2026\/03\/0d2a8360-f1be-4352-acc5-880b89e87f9d-1024x680.jpg 1024w, https:\/\/bylorian.com\/wp-content\/uploads\/2026\/03\/0d2a8360-f1be-4352-acc5-880b89e87f9d-768x510.jpg 768w, https:\/\/bylorian.com\/wp-content\/uploads\/2026\/03\/0d2a8360-f1be-4352-acc5-880b89e87f9d-1536x1020.jpg 1536w\" sizes=\"(max-width: 1600px) 100vw, 1600px\" \/>\t\t\t\t\t\t\t\t\t\t\t\t\t\t\t<\/div>\n\t\t\t\t<div class=\"elementor-element elementor-element-a1995fd elementor-widget__width-initial elementor-hidden-tablet elementor-widget elementor-widget-text-editor\" data-id=\"a1995fd\" data-element_type=\"widget\" data-e-type=\"widget\" data-widget_type=\"text-editor.default\">\n\t\t\t\t\t\t\t\t\t<p>Nuestras parejas son nuestra mejor carta de presentaci\u00f3n.<\/p><p><a href=\"https:\/\/maps.app.goo.gl\/XwTvCBmLwik3ZLie6\"><b data-path-to-node=\"10,0\" data-index-in-node=\"59\">Ver opiniones en Google<\/b><\/a><\/p>\t\t\t\t\t\t\t\t<\/div>\n\t\t\t\t<\/div>\n\t\t<div class=\"elementor-element elementor-element-7963d2e e-con-full e-flex e-con e-child\" data-id=\"7963d2e\" data-element_type=\"container\" data-e-type=\"container\">\n\t\t\t\t<div class=\"elementor-element elementor-element-9f23740 elementor-widget__width-initial elementor-hidden-desktop elementor-widget elementor-widget-text-editor\" data-id=\"9f23740\" data-element_type=\"widget\" data-e-type=\"widget\" data-widget_type=\"text-editor.default\">\n\t\t\t\t\t\t\t\t\t<p>Pod\u00e9is rellenar este formulario o bien escribirnos por whatsapp o por correo electr\u00f3nico.<\/p>\t\t\t\t\t\t\t\t<\/div>\n\t\t\t\t<div class=\"elementor-element elementor-element-b71cf42 elementor-button-align-start elementor-widget__width-initial elementor-widget elementor-widget-form\" data-id=\"b71cf42\" data-element_type=\"widget\" data-e-type=\"widget\" data-settings=\"{&quot;step_next_label&quot;:&quot;Next&quot;,&quot;step_previous_label&quot;:&quot;Previous&quot;,&quot;button_width&quot;:&quot;100&quot;,&quot;step_type&quot;:&quot;number_text&quot;,&quot;step_icon_shape&quot;:&quot;circle&quot;}\" data-widget_type=\"form.default\">\n\t\t\t\t\t\t\t<form class=\"elementor-form\" method=\"post\" name=\"New Form\" aria-label=\"New Form\">\n\t\t\t<input type=\"hidden\" name=\"post_id\" value=\"26\"\/>\n\t\t\t<input type=\"hidden\" name=\"form_id\" value=\"b71cf42\"\/>\n\t\t\t<input type=\"hidden\" name=\"referer_title\" value=\"Contacto &#8226; Lorian Oficiantes de bodas\" \/>\n\n\t\t\t\t\t\t\t<input type=\"hidden\" name=\"queried_id\" value=\"26\"\/>\n\t\t\t\n\t\t\t<div class=\"elementor-form-fields-wrapper elementor-labels-\">\n\t\t\t\t\t\t\t\t<div class=\"elementor-field-type-text elementor-field-group elementor-column elementor-field-group-name elementor-col-100 elementor-field-required\">\n\t\t\t\t\t\t\t\t\t\t\t\t<label for=\"form-field-name\" class=\"elementor-field-label elementor-screen-only\">\n\t\t\t\t\t\t\t\tNombre\t\t\t\t\t\t\t<\/label>\n\t\t\t\t\t\t\t\t\t\t\t\t\t\t<input size=\"1\" type=\"text\" name=\"form_fields[name]\" id=\"form-field-name\" class=\"elementor-field elementor-size-sm  elementor-field-textual\" placeholder=\"Nombre\" required=\"required\">\n\t\t\t\t\t\t\t\t\t\t\t<\/div>\n\t\t\t\t\t\t\t\t<div class=\"elementor-field-type-tel elementor-field-group elementor-column elementor-field-group-field_e2d5041 elementor-col-100 elementor-field-required\">\n\t\t\t\t\t\t\t\t\t\t\t\t<label for=\"form-field-field_e2d5041\" class=\"elementor-field-label elementor-screen-only\">\n\t\t\t\t\t\t\t\tTel\u00e9fono\t\t\t\t\t\t\t<\/label>\n\t\t\t\t\t\t\t\t<input size=\"1\" type=\"tel\" name=\"form_fields[field_e2d5041]\" id=\"form-field-field_e2d5041\" class=\"elementor-field elementor-size-sm  elementor-field-textual\" placeholder=\"Tel\u00e9fono\" required=\"required\" pattern=\"[0-9()#&amp;+*-=.]+\" title=\"S\u00f3lo se aceptan n\u00fameros y caracteres telef\u00f3nicos (#, -, *, etc).\">\n\n\t\t\t\t\t\t<\/div>\n\t\t\t\t\t\t\t\t<div class=\"elementor-field-type-email elementor-field-group elementor-column elementor-field-group-email elementor-col-100 elementor-field-required\">\n\t\t\t\t\t\t\t\t\t\t\t\t<label for=\"form-field-email\" class=\"elementor-field-label elementor-screen-only\">\n\t\t\t\t\t\t\t\tEmail\t\t\t\t\t\t\t<\/label>\n\t\t\t\t\t\t\t\t\t\t\t\t\t\t<input size=\"1\" type=\"email\" name=\"form_fields[email]\" id=\"form-field-email\" class=\"elementor-field elementor-size-sm  elementor-field-textual\" placeholder=\"Email\" required=\"required\">\n\t\t\t\t\t\t\t\t\t\t\t<\/div>\n\t\t\t\t\t\t\t\t<div class=\"elementor-field-type-date elementor-field-group elementor-column elementor-field-group-field_b6d6e53 elementor-col-100\">\n\t\t\t\t\t\n\t\t<input type=\"date\" name=\"form_fields[field_b6d6e53]\" id=\"form-field-field_b6d6e53\" class=\"elementor-field elementor-size-sm  elementor-field-textual elementor-date-field\" placeholder=\"Fecha\" pattern=\"[0-9]{4}-[0-9]{2}-[0-9]{2}\">\n\t\t\t\t\t\t<\/div>\n\t\t\t\t\t\t\t\t<div class=\"elementor-field-type-text elementor-field-group elementor-column elementor-field-group-field_3daee49 elementor-col-100\">\n\t\t\t\t\t\t\t\t\t\t\t\t\t<input size=\"1\" type=\"text\" name=\"form_fields[field_3daee49]\" id=\"form-field-field_3daee49\" class=\"elementor-field elementor-size-sm  elementor-field-textual\" placeholder=\"Lugar\">\n\t\t\t\t\t\t\t\t\t\t\t<\/div>\n\t\t\t\t\t\t\t\t<div class=\"elementor-field-type-text elementor-field-group elementor-column elementor-field-group-field_3cc7e88 elementor-col-100\">\n\t\t\t\t\t\t\t\t\t\t\t\t\t<input size=\"1\" type=\"text\" name=\"form_fields[field_3cc7e88]\" id=\"form-field-field_3cc7e88\" class=\"elementor-field elementor-size-sm  elementor-field-textual\" placeholder=\"Idioma\">\n\t\t\t\t\t\t\t\t\t\t\t<\/div>\n\t\t\t\t\t\t\t\t<div class=\"elementor-field-type-textarea elementor-field-group elementor-column elementor-field-group-message elementor-col-100 elementor-field-required\">\n\t\t\t\t\t\t\t\t\t\t\t\t<label for=\"form-field-message\" class=\"elementor-field-label elementor-screen-only\">\n\t\t\t\t\t\t\t\tMensaje\t\t\t\t\t\t\t<\/label>\n\t\t\t\t\t\t<textarea class=\"elementor-field-textual elementor-field  elementor-size-sm\" name=\"form_fields[message]\" id=\"form-field-message\" rows=\"4\" placeholder=\"Escribe tu mensaje\" required=\"required\"><\/textarea>\t\t\t\t<\/div>\n\t\t\t\t\t\t\t\t<div class=\"elementor-field-type-acceptance elementor-field-group elementor-column elementor-field-group-field_c3594ef elementor-col-100 elementor-field-required\">\n\t\t\t\t\t\t\t<div class=\"elementor-field-subgroup\">\n\t\t\t<span class=\"elementor-field-option\">\n\t\t\t\t<input type=\"checkbox\" name=\"form_fields[field_c3594ef]\" id=\"form-field-field_c3594ef\" class=\"elementor-field elementor-size-sm  elementor-acceptance-field\" required=\"required\">\n\t\t\t\t<label for=\"form-field-field_c3594ef\">He le\u00eddo y acepto la pol\u00edtica de privacidad<\/label>\t\t\t<\/span>\n\t\t<\/div>\n\t\t\t\t\t\t<\/div>\n\t\t\t\t\t\t\t\t<div class=\"elementor-field-type-recaptcha_v3 elementor-field-group elementor-column elementor-field-group-field_66e2eee elementor-col-100 recaptcha_v3-bottomright\">\n\t\t\t\t\t<div class=\"elementor-field\" id=\"form-field-field_66e2eee\"><div class=\"elementor-g-recaptcha\" data-sitekey=\"6LeNso0sAAAAAF6jyEA9A1dmvY0VhlxoPYL4LVO8\" data-type=\"v3\" data-action=\"Form\" data-badge=\"bottomright\" data-size=\"invisible\"><\/div><\/div>\t\t\t\t<\/div>\n\t\t\t\t\t\t\t\t<div class=\"elementor-field-group elementor-column elementor-field-type-submit elementor-col-100 e-form__buttons\">\n\t\t\t\t\t<button class=\"elementor-button elementor-size-sm\" type=\"submit\">\n\t\t\t\t\t\t<span class=\"elementor-button-content-wrapper\">\n\t\t\t\t\t\t\t\t\t\t\t\t\t\t\t\t\t\t\t\t\t\t<span class=\"elementor-button-text\">Enviar<\/span>\n\t\t\t\t\t\t\t\t\t\t\t\t\t<\/span>\n\t\t\t\t\t<\/button>\n\t\t\t\t<\/div>\n\t\t\t<\/div>\n\t\t<\/form>\n\t\t\t\t\t\t<\/div>\n\t\t\t\t<\/div>\n\t\t\t\t\t<\/div>\n\t\t\t\t<\/div>\n\t\t\t\t<\/div>\n\t\t","protected":false},"excerpt":{"rendered":"<p>Prenons contact T\u00e9l\u00e9phone + 34 680 77 74 78 Whatsapp Email HOLA@BYLORIAN.COM Vous pouvez remplir ce formulaire ou nous \u00e9crire par whatsapp ou par email. Nos partenaires sont nos meilleures lettres d'introduction. Voir les avis sur Google Vous pouvez remplir ce formulaire ou nous \u00e9crire par whatsapp ou email.<\/p>","protected":false},"author":1,"featured_media":703,"parent":0,"menu_order":0,"comment_status":"closed","ping_status":"closed","template":"","meta":{"footnotes":""},"class_list":["post-26","page","type-page","status-publish","has-post-thumbnail","hentry"],"yoast_head":"<!-- This site is optimized with the Yoast SEO plugin v27.5 - https:\/\/yoast.com\/product\/yoast-seo-wordpress\/ -->\n<title>Contacto &#8226; Lorian Oficiantes de bodas<\/title>\n<meta name=\"robots\" content=\"noindex, follow, max-snippet:-1, max-image-preview:large, max-video-preview:-1\" \/>\n<meta property=\"og:locale\" content=\"fr_FR\" \/>\n<meta property=\"og:type\" content=\"article\" \/>\n<meta property=\"og:title\" content=\"Contacto &#8226; Lorian Oficiantes de bodas\" \/>\n<meta property=\"og:description\" content=\"Vamos a ponernos en contacto Tel\u00e9fono + 34 680 77 74 78 Whatsapp Correo electr\u00f3nico HOLA@BYLORIAN.COM Pod\u00e9is rellenar este formulario o bien escribirnos por whatsapp o por correo electr\u00f3nico. Nuestras parejas son nuestra mejor carta de presentaci\u00f3n. Ver opiniones en Google Pod\u00e9is rellenar este formulario o bien escribirnos por whatsapp o por correo electr\u00f3nico.\" \/>\n<meta property=\"og:url\" content=\"https:\/\/bylorian.com\/fr\/contact\/\" \/>\n<meta property=\"og:site_name\" content=\"Lorian Oficiantes de bodas\" \/>\n<meta property=\"article:publisher\" content=\"https:\/\/www.facebook.com\/marialorian.oficiante\" \/>\n<meta property=\"article:modified_time\" content=\"2026-03-26T11:28:23+00:00\" \/>\n<meta property=\"og:image\" content=\"https:\/\/bylorian.com\/wp-content\/uploads\/2026\/03\/0d2a8360-f1be-4352-acc5-880b89e87f9d.jpg\" \/>\n\t<meta property=\"og:image:width\" content=\"1600\" \/>\n\t<meta property=\"og:image:height\" content=\"1063\" \/>\n\t<meta property=\"og:image:type\" content=\"image\/jpeg\" \/>\n<meta name=\"twitter:card\" content=\"summary_large_image\" \/>\n<meta name=\"twitter:label1\" content=\"Dur\u00e9e de lecture estim\u00e9e\" \/>\n\t<meta name=\"twitter:data1\" content=\"1 minute\" \/>\n<script type=\"application\/ld+json\" class=\"yoast-schema-graph\">{\"@context\":\"https:\\\/\\\/schema.org\",\"@graph\":[{\"@type\":\"WebPage\",\"@id\":\"https:\\\/\\\/bylorian.com\\\/contacto\\\/\",\"url\":\"https:\\\/\\\/bylorian.com\\\/contacto\\\/\",\"name\":\"Contacto &#8226; Lorian Oficiantes de bodas\",\"isPartOf\":{\"@id\":\"https:\\\/\\\/bylorian.com\\\/#website\"},\"primaryImageOfPage\":{\"@id\":\"https:\\\/\\\/bylorian.com\\\/contacto\\\/#primaryimage\"},\"image\":{\"@id\":\"https:\\\/\\\/bylorian.com\\\/contacto\\\/#primaryimage\"},\"thumbnailUrl\":\"https:\\\/\\\/bylorian.com\\\/wp-content\\\/uploads\\\/2026\\\/03\\\/0d2a8360-f1be-4352-acc5-880b89e87f9d.jpg\",\"datePublished\":\"2026-03-02T10:11:21+00:00\",\"dateModified\":\"2026-03-26T11:28:23+00:00\",\"breadcrumb\":{\"@id\":\"https:\\\/\\\/bylorian.com\\\/contacto\\\/#breadcrumb\"},\"inLanguage\":\"fr-FR\",\"potentialAction\":[{\"@type\":\"ReadAction\",\"target\":[\"https:\\\/\\\/bylorian.com\\\/contacto\\\/\"]}]},{\"@type\":\"ImageObject\",\"inLanguage\":\"fr-FR\",\"@id\":\"https:\\\/\\\/bylorian.com\\\/contacto\\\/#primaryimage\",\"url\":\"https:\\\/\\\/bylorian.com\\\/wp-content\\\/uploads\\\/2026\\\/03\\\/0d2a8360-f1be-4352-acc5-880b89e87f9d.jpg\",\"contentUrl\":\"https:\\\/\\\/bylorian.com\\\/wp-content\\\/uploads\\\/2026\\\/03\\\/0d2a8360-f1be-4352-acc5-880b89e87f9d.jpg\",\"width\":1600,\"height\":1063},{\"@type\":\"BreadcrumbList\",\"@id\":\"https:\\\/\\\/bylorian.com\\\/contacto\\\/#breadcrumb\",\"itemListElement\":[{\"@type\":\"ListItem\",\"position\":1,\"name\":\"Portada\",\"item\":\"https:\\\/\\\/bylorian.com\\\/\"},{\"@type\":\"ListItem\",\"position\":2,\"name\":\"Contacto\"}]},{\"@type\":\"WebSite\",\"@id\":\"https:\\\/\\\/bylorian.com\\\/#website\",\"url\":\"https:\\\/\\\/bylorian.com\\\/\",\"name\":\"Lorian Oficiantes de bodas\",\"description\":\"\",\"publisher\":{\"@id\":\"https:\\\/\\\/bylorian.com\\\/#organization\"},\"potentialAction\":[{\"@type\":\"SearchAction\",\"target\":{\"@type\":\"EntryPoint\",\"urlTemplate\":\"https:\\\/\\\/bylorian.com\\\/?s={search_term_string}\"},\"query-input\":{\"@type\":\"PropertyValueSpecification\",\"valueRequired\":true,\"valueName\":\"search_term_string\"}}],\"inLanguage\":\"fr-FR\"},{\"@type\":\"Organization\",\"@id\":\"https:\\\/\\\/bylorian.com\\\/#organization\",\"name\":\"Lorian Oficiantes de bodas\",\"url\":\"https:\\\/\\\/bylorian.com\\\/\",\"logo\":{\"@type\":\"ImageObject\",\"inLanguage\":\"fr-FR\",\"@id\":\"https:\\\/\\\/bylorian.com\\\/#\\\/schema\\\/logo\\\/image\\\/\",\"url\":\"https:\\\/\\\/bylorian.com\\\/wp-content\\\/uploads\\\/2026\\\/03\\\/Prin-Logo-.svg\",\"contentUrl\":\"https:\\\/\\\/bylorian.com\\\/wp-content\\\/uploads\\\/2026\\\/03\\\/Prin-Logo-.svg\",\"width\":1000,\"height\":480,\"caption\":\"Lorian Oficiantes de bodas\"},\"image\":{\"@id\":\"https:\\\/\\\/bylorian.com\\\/#\\\/schema\\\/logo\\\/image\\\/\"},\"sameAs\":[\"https:\\\/\\\/www.facebook.com\\\/marialorian.oficiante\",\"https:\\\/\\\/www.instagram.com\\\/lorian.maria\\\/\",\"https:\\\/\\\/www.tiktok.com\\\/@lorian.oficiantes?_r=1&_t=ZN-94glv2Q75fi\"]}]}<\/script>\n<!-- \/ Yoast SEO plugin. -->","yoast_head_json":{"title":"Contact - Officiants de mariage Lorian","robots":{"index":"noindex","follow":"follow","max-snippet":"max-snippet:-1","max-image-preview":"max-image-preview:large","max-video-preview":"max-video-preview:-1"},"og_locale":"fr_FR","og_type":"article","og_title":"Contacto &#8226; Lorian Oficiantes de bodas","og_description":"Vamos a ponernos en contacto Tel\u00e9fono + 34 680 77 74 78 Whatsapp Correo electr\u00f3nico HOLA@BYLORIAN.COM Pod\u00e9is rellenar este formulario o bien escribirnos por whatsapp o por correo electr\u00f3nico. Nuestras parejas son nuestra mejor carta de presentaci\u00f3n. Ver opiniones en Google Pod\u00e9is rellenar este formulario o bien escribirnos por whatsapp o por correo electr\u00f3nico.","og_url":"https:\/\/bylorian.com\/fr\/contact\/","og_site_name":"Lorian Oficiantes de bodas","article_publisher":"https:\/\/www.facebook.com\/marialorian.oficiante","article_modified_time":"2026-03-26T11:28:23+00:00","og_image":[{"width":1600,"height":1063,"url":"https:\/\/bylorian.com\/wp-content\/uploads\/2026\/03\/0d2a8360-f1be-4352-acc5-880b89e87f9d.jpg","type":"image\/jpeg"}],"twitter_card":"summary_large_image","twitter_misc":{"Dur\u00e9e de lecture estim\u00e9e":"1 minute"},"schema":{"@context":"https:\/\/schema.org","@graph":[{"@type":"WebPage","@id":"https:\/\/bylorian.com\/contacto\/","url":"https:\/\/bylorian.com\/contacto\/","name":"Contact - Officiants de mariage Lorian","isPartOf":{"@id":"https:\/\/bylorian.com\/#website"},"primaryImageOfPage":{"@id":"https:\/\/bylorian.com\/contacto\/#primaryimage"},"image":{"@id":"https:\/\/bylorian.com\/contacto\/#primaryimage"},"thumbnailUrl":"https:\/\/bylorian.com\/wp-content\/uploads\/2026\/03\/0d2a8360-f1be-4352-acc5-880b89e87f9d.jpg","datePublished":"2026-03-02T10:11:21+00:00","dateModified":"2026-03-26T11:28:23+00:00","breadcrumb":{"@id":"https:\/\/bylorian.com\/contacto\/#breadcrumb"},"inLanguage":"fr-FR","potentialAction":[{"@type":"ReadAction","target":["https:\/\/bylorian.com\/contacto\/"]}]},{"@type":"ImageObject","inLanguage":"fr-FR","@id":"https:\/\/bylorian.com\/contacto\/#primaryimage","url":"https:\/\/bylorian.com\/wp-content\/uploads\/2026\/03\/0d2a8360-f1be-4352-acc5-880b89e87f9d.jpg","contentUrl":"https:\/\/bylorian.com\/wp-content\/uploads\/2026\/03\/0d2a8360-f1be-4352-acc5-880b89e87f9d.jpg","width":1600,"height":1063},{"@type":"BreadcrumbList","@id":"https:\/\/bylorian.com\/contacto\/#breadcrumb","itemListElement":[{"@type":"ListItem","position":1,"name":"Portada","item":"https:\/\/bylorian.com\/"},{"@type":"ListItem","position":2,"name":"Contacto"}]},{"@type":"WebSite","@id":"https:\/\/bylorian.com\/#website","url":"https:\/\/bylorian.com\/","name":"Officiants de mariage \u00e0 Lorian","description":"","publisher":{"@id":"https:\/\/bylorian.com\/#organization"},"potentialAction":[{"@type":"SearchAction","target":{"@type":"EntryPoint","urlTemplate":"https:\/\/bylorian.com\/?s={search_term_string}"},"query-input":{"@type":"PropertyValueSpecification","valueRequired":true,"valueName":"search_term_string"}}],"inLanguage":"fr-FR"},{"@type":"Organization","@id":"https:\/\/bylorian.com\/#organization","name":"Officiants de mariage \u00e0 Lorian","url":"https:\/\/bylorian.com\/","logo":{"@type":"ImageObject","inLanguage":"fr-FR","@id":"https:\/\/bylorian.com\/#\/schema\/logo\/image\/","url":"https:\/\/bylorian.com\/wp-content\/uploads\/2026\/03\/Prin-Logo-.svg","contentUrl":"https:\/\/bylorian.com\/wp-content\/uploads\/2026\/03\/Prin-Logo-.svg","width":1000,"height":480,"caption":"Lorian Oficiantes de bodas"},"image":{"@id":"https:\/\/bylorian.com\/#\/schema\/logo\/image\/"},"sameAs":["https:\/\/www.facebook.com\/marialorian.oficiante","https:\/\/www.instagram.com\/lorian.maria\/","https:\/\/www.tiktok.com\/@lorian.oficiantes?_r=1&_t=ZN-94glv2Q75fi"]}]}},"_links":{"self":[{"href":"https:\/\/bylorian.com\/fr\/wp-json\/wp\/v2\/pages\/26","targetHints":{"allow":["GET"]}}],"collection":[{"href":"https:\/\/bylorian.com\/fr\/wp-json\/wp\/v2\/pages"}],"about":[{"href":"https:\/\/bylorian.com\/fr\/wp-json\/wp\/v2\/types\/page"}],"author":[{"embeddable":true,"href":"https:\/\/bylorian.com\/fr\/wp-json\/wp\/v2\/users\/1"}],"replies":[{"embeddable":true,"href":"https:\/\/bylorian.com\/fr\/wp-json\/wp\/v2\/comments?post=26"}],"version-history":[{"count":109,"href":"https:\/\/bylorian.com\/fr\/wp-json\/wp\/v2\/pages\/26\/revisions"}],"predecessor-version":[{"id":1945,"href":"https:\/\/bylorian.com\/fr\/wp-json\/wp\/v2\/pages\/26\/revisions\/1945"}],"wp:featuredmedia":[{"embeddable":true,"href":"https:\/\/bylorian.com\/fr\/wp-json\/wp\/v2\/media\/703"}],"wp:attachment":[{"href":"https:\/\/bylorian.com\/fr\/wp-json\/wp\/v2\/media?parent=26"}],"curies":[{"name":"wp","href":"https:\/\/api.w.org\/{rel}","templated":true}]}}